{"id":7619,"date":"2016-10-05T15:43:08","date_gmt":"2016-10-05T13:43:08","guid":{"rendered":"https:\/\/www.rinklin-naturkost.de\/wir\/"},"modified":"2019-10-02T11:45:49","modified_gmt":"2019-10-02T09:45:49","slug":"nous","status":"publish","type":"page","link":"https:\/\/www.rinklin-naturkost.de\/fr\/nous\/","title":{"rendered":"Nos employ\u00e9s"},"content":{"rendered":"<section class=\"l-section wpb_row height_huge with_img parallax_ver mpc-row\"><div class=\"l-section-img\" role=\"img\" data-img-width=\"4356\" data-img-height=\"995\" style=\"background-image: url(https:\/\/www.rinklin-naturkost.de\/wp-content\/uploads\/2016\/09\/rinklin_jobs.jpg);\"><\/div><div class=\"l-section-h i-cf\"><div class=\"g-cols vc_row via_flex valign_top type_default stacking_default\"><div class=\"vc_col-sm-12 wpb_column vc_column_container mpc-column\" data-column-id=\"mpc_column-3769fe16813e575\"><div class=\"vc_column-inner\"><div class=\"wpb_wrapper\"><div id=\"ultimate-heading-772169fe16813e36e\" class=\"uvc-heading ult-adjust-bottom-margin ultimate-heading-772169fe16813e36e uvc-2646 \" data-hspacer=\"no_spacer\" data-halign=\"center\" style=\"text-align:center\"><div class=\"uvc-heading-spacer no_spacer\" style=\"top\"><\/div><div class=\"uvc-main-heading ult-responsive\" data-ultimate-target=\".uvc-heading.ultimate-heading-772169fe16813e36e h1\" data-responsive-json-new='{\"font-size\":\"\",\"line-height\":\"\"}'><h1 style=\"font-weight:normal;color:#ffffff;\">Team<\/h1><\/div><\/div><\/div><\/div><\/div><\/div><\/div><\/section><!-- Row Backgrounds --><section class=\"l-section wpb_row height_small mpc-row\"><div class=\"l-section-h i-cf\"><div class=\"g-cols vc_row via_flex valign_top type_default stacking_default\"><div class=\"vc_col-sm-6 wpb_column vc_column_container us_animate_afl mpc-column\" data-column-id=\"mpc_column-1269fe16814311b\"><div class=\"vc_column-inner\"><div class=\"wpb_wrapper\"><div class=\"w-image align_none\"><a ref=\"magnificPopup\" href=\"https:\/\/www.rinklin-naturkost.de\/wp-content\/uploads\/2016\/10\/rinklin-team.jpg\" aria-label=\"Rinklin Team\" class=\"w-image-h\"><img decoding=\"async\" width=\"1021\" height=\"680\" src=\"https:\/\/www.rinklin-naturkost.de\/wp-content\/uploads\/2016\/10\/rinklin-team.jpg\" class=\"attachment-large size-large\" alt=\"\" loading=\"lazy\" srcset=\"https:\/\/www.rinklin-naturkost.de\/wp-content\/uploads\/2016\/10\/rinklin-team.jpg 1021w, https:\/\/www.rinklin-naturkost.de\/wp-content\/uploads\/2016\/10\/rinklin-team-300x200.jpg 300w, https:\/\/www.rinklin-naturkost.de\/wp-content\/uploads\/2016\/10\/rinklin-team-768x511.jpg 768w, https:\/\/www.rinklin-naturkost.de\/wp-content\/uploads\/2016\/10\/rinklin-team-600x400.jpg 600w\" sizes=\"auto, (max-width: 1021px) 100vw, 1021px\"><\/a><\/div><div class=\"wpb_text_column\"><div class=\"wpb_wrapper\"><h6>Von links: Patrick Danzeisen, Andreas Nitsch, Marco Richter, Erika Geiger-Enderlin, Sue-Caroline Haas, Jerome Reisacher, Kathrin Ziebold, Anja K&ouml;hler, Lucia Schnittkowitz, Roswitha Enderlin, Beate Dick, Jasmin Jung, Hubert Hirt, Andrea G&ouml;ppert, Christa Berwig, Jonas Muhler, David Rinklin, Lisa Baumg&auml;rtner, Stephanie Lipps<\/h6>\n<\/div><\/div><\/div><\/div><\/div><div class=\"vc_col-sm-6 wpb_column vc_column_container us_animate_afr mpc-column\" style=\"animation-delay:0.2s\" data-column-id=\"mpc_column-269fe1681436fd\"><div class=\"vc_column-inner\"><div class=\"wpb_wrapper\">[vc_custom_heading text=&nbsp;&raquo;Wir leben Service &ndash; jeden Tag!&nbsp;&raquo; font_container=&nbsp;&raquo;tag:h4|text_align:left&nbsp;&raquo;]<div class=\"wpb_text_column\"><div class=\"wpb_wrapper\"><p>Rund 250 verantwortungsbewusste und motivierte Mitarbeiter sorgen bei Rinklin Naturkost f&uuml;r reibungslose Abl&auml;ufe.<\/p>\n<p>Qualifizierte Eink&auml;ufer und Disponenten sorgen f&uuml;r die Warenbeschaffung und Anbauplanung mit regionalen Erzeugern. Flei&szlig;ige Lagermitarbeiter im Warenein- und ausgang bereiten t&auml;glich Bestellungen vor. Fahrer sind t&auml;glich unterwegs und sorgen f&uuml;r punktuelle Auslieferung. Verk&auml;ufer beraten und empfehlen jederzeit kompetent am Telefon. Vertriebsmitarbeiter betreuen Sie als st&auml;ndige Zuh&ouml;rer vor Ort. Und nicht zuletzt: ein Team aus Verwaltung- und EDV-Kollegen sorgen f&uuml;r das &bdquo;Rundum-Zufriedenheitspaket&ldquo;&nbsp; f&uuml;r unsere Kunden.<\/p>\n<p>Wir freuen uns bei gemeinsamen Messebesuchen, bei Veranstaltungen im eigenen Haus, wie zuletzt bei unserem 40j&auml;hrigen Jubil&auml;um, erlebbar zu machen, wie Rinklin funktioniert, wie gearbeitet und organisiert wird. Hier vorgestellt wird Ihnen lediglich ein Teil des Ganzen.<\/p>\n<p>Wir vermitteln mehr als Produkte: Vertrauen, Kompetenz und hohe Service-Bereitschaft!<\/p>\n<\/div><\/div><\/div><\/div><\/div><\/div><\/div><\/section><section class=\"l-section wpb_row height_huge with_img parallax_ver mpc-row\"><div class=\"l-section-img\" role=\"img\" data-img-width=\"1742\" data-img-height=\"1163\" style=\"background-image: url(https:\/\/www.rinklin-naturkost.de\/wp-content\/uploads\/2016\/11\/kaiserstuhl_slide.jpg);\"><\/div><div class=\"l-section-h i-cf\"><div class=\"g-cols vc_row via_flex valign_top type_default stacking_default\"><div class=\"vc_col-sm-12 wpb_column vc_column_container mpc-column\" data-column-id=\"mpc_column-2769fe168144df2\"><div class=\"vc_column-inner\"><div class=\"wpb_wrapper\"><\/div><\/div><\/div><\/div><\/div><\/section><section class=\"l-section wpb_row height_small mpc-row\"><div class=\"l-section-h i-cf\"><div class=\"g-cols vc_row via_flex valign_top type_default stacking_default\"><div class=\"vc_col-sm-6 wpb_column vc_column_container us_animate_afl mpc-column\" data-column-id=\"mpc_column-5969fe168147204\"><div class=\"vc_column-inner\"><div class=\"wpb_wrapper\"><div class=\"w-image align_none us_animate_afl\"><a ref=\"magnificPopup\" href=\"https:\/\/www.rinklin-naturkost.de\/wp-content\/uploads\/2016\/09\/ansprechpartner_rinklin.jpg\" aria-label=\"Ansprechpartner\" class=\"w-image-h\"><img decoding=\"async\" width=\"1024\" height=\"538\" src=\"https:\/\/www.rinklin-naturkost.de\/wp-content\/uploads\/2016\/09\/ansprechpartner_rinklin-1024x538.jpg\" class=\"attachment-large size-large\" alt=\"\" loading=\"lazy\" srcset=\"https:\/\/www.rinklin-naturkost.de\/wp-content\/uploads\/2016\/09\/ansprechpartner_rinklin-1024x538.jpg 1024w, https:\/\/www.rinklin-naturkost.de\/wp-content\/uploads\/2016\/09\/ansprechpartner_rinklin-600x315.jpg 600w, https:\/\/www.rinklin-naturkost.de\/wp-content\/uploads\/2016\/09\/ansprechpartner_rinklin-300x158.jpg 300w, https:\/\/www.rinklin-naturkost.de\/wp-content\/uploads\/2016\/09\/ansprechpartner_rinklin-768x403.jpg 768w, https:\/\/www.rinklin-naturkost.de\/wp-content\/uploads\/2016\/09\/ansprechpartner_rinklin.jpg 1200w\" sizes=\"auto, (max-width: 1024px) 100vw, 1024px\"><\/a><\/div><div class=\"wpb_text_column\"><div class=\"wpb_wrapper\"><h6>Von links: Harald Rinklin &ndash;&nbsp;<em>Gesch&auml;ftsleitung<\/em>, Christoph Hering &ndash;<em> IT<\/em>, Jochen Rinklin &ndash; <em>Gesch&auml;ftsleitung<\/em>, Armin Rinklin &ndash; <em>Gesch&auml;ftsleitung<\/em>, Daniel Brender &ndash; <em>Personalleitung Lager<\/em>, Hans-Dieter Rinklin &ndash; <em>Logistik<\/em>, Dominique Danieau &ndash; <em>Vertrieb<\/em>, Gilles Lanfranca &ndash;<em>Einkauf<\/em>, Jonas Muhler &ndash;<em>Verkauf<\/em>, David Rinklin &ndash; <em>Verkauf<\/em><\/h6>\n<\/div><\/div><\/div><\/div><\/div><div class=\"vc_col-sm-6 wpb_column vc_column_container us_animate_afr mpc-column\" style=\"animation-delay:0.2s\" data-column-id=\"mpc_column-569fe1681476c7\"><div class=\"vc_column-inner\"><div class=\"wpb_wrapper\">[vc_custom_heading text=&nbsp;&raquo;Zuverl&auml;ssige Kundenbetreuung&nbsp;&raquo; font_container=&nbsp;&raquo;tag:h4|text_align:left&nbsp;&raquo;]<div class=\"wpb_text_column\"><div class=\"wpb_wrapper\"><p>Rund 250 verantwortungsbewusste und motivierte Mitarbeiter sorgen bei Rinklin Naturkost f&uuml;r reibungslose Abl&auml;ufe.<\/p>\n<p>Qualifizierte Eink&auml;ufer und Disponenten sorgen f&uuml;r die Warenbeschaffung und Anbauplanung mit regionalen Erzeugern. Flei&szlig;ige Lagermitarbeiter im Warenein- und ausgang bereiten t&auml;glich Bestellungen vor. Fahrer sind t&auml;glich unterwegs und sorgen f&uuml;r punktuelle Auslieferung. Verk&auml;ufer beraten und empfehlen jederzeit kompetent am Telefon. Vertriebsmitarbeiter betreuen Sie als st&auml;ndige Zuh&ouml;rer vor Ort. Und nicht zuletzt: ein Team aus Verwaltung- und EDV-Kollegen sorgen f&uuml;r das &bdquo;Rundum-Zufriedenheitspaket&ldquo;&nbsp; f&uuml;r unsere Kunden.<\/p>\n<p>Wir freuen uns bei gemeinsamen Messebesuchen, bei Veranstaltungen im eigenen Haus, wie zuletzt bei unserem 40j&auml;hrigen Jubil&auml;um, erlebbar zu machen, wie Rinklin funktioniert, wie gearbeitet und organisiert wird. Hier vorgestellt wird Ihnen lediglich ein Teil des Ganzen.<\/p>\n<p>Wir vermitteln mehr als Produkte: Vertrauen, Kompetenz und hohe Service-Bereitschaft!<\/p>\n<\/div><\/div><\/div><\/div><\/div><\/div><\/div><\/section><section class=\"l-section wpb_row height_huge with_img parallax_ver mpc-row\"><div class=\"l-section-img\" role=\"img\" data-img-width=\"1742\" data-img-height=\"1163\" style=\"background-image: url(https:\/\/www.rinklin-naturkost.de\/wp-content\/uploads\/2016\/08\/kaiserstuhl1.jpg);\"><\/div><div class=\"l-section-h i-cf\"><div class=\"g-cols vc_row via_flex valign_top type_default stacking_default\"><div class=\"vc_col-sm-12 wpb_column vc_column_container mpc-column\" data-column-id=\"mpc_column-969fe168149444\"><div class=\"vc_column-inner\"><div class=\"wpb_wrapper\"><\/div><\/div><\/div><\/div><\/div><\/section><section class=\"l-section wpb_row height_small mpc-row\"><div class=\"l-section-h i-cf\"><div class=\"g-cols vc_row via_flex valign_top type_default stacking_default\"><div class=\"vc_col-sm-6 wpb_column vc_column_container us_animate_afl mpc-column\" data-column-id=\"mpc_column-2969fe16814a9e6\"><div class=\"vc_column-inner\"><div class=\"wpb_wrapper\"><div class=\"w-image align_none us_animate_afl\"><a ref=\"magnificPopup\" href=\"https:\/\/www.rinklin-naturkost.de\/wp-content\/uploads\/2016\/10\/kundenbetreuung_rinklin.jpg\" aria-label=\"Kundenbetreuung Rinklin\" class=\"w-image-h\"><img decoding=\"async\" width=\"1024\" height=\"538\" src=\"https:\/\/www.rinklin-naturkost.de\/wp-content\/uploads\/2016\/10\/kundenbetreuung_rinklin-1024x538.jpg\" class=\"attachment-large size-large\" alt=\"\" loading=\"lazy\" srcset=\"https:\/\/www.rinklin-naturkost.de\/wp-content\/uploads\/2016\/10\/kundenbetreuung_rinklin-1024x538.jpg 1024w, https:\/\/www.rinklin-naturkost.de\/wp-content\/uploads\/2016\/10\/kundenbetreuung_rinklin-600x315.jpg 600w, https:\/\/www.rinklin-naturkost.de\/wp-content\/uploads\/2016\/10\/kundenbetreuung_rinklin-300x158.jpg 300w, https:\/\/www.rinklin-naturkost.de\/wp-content\/uploads\/2016\/10\/kundenbetreuung_rinklin-768x403.jpg 768w, https:\/\/www.rinklin-naturkost.de\/wp-content\/uploads\/2016\/10\/kundenbetreuung_rinklin.jpg 1979w\" sizes=\"auto, (max-width: 1024px) 100vw, 1024px\"><\/a><\/div><\/div><\/div><\/div><div class=\"vc_col-sm-6 wpb_column vc_column_container us_animate_afr mpc-column\" style=\"animation-delay:0.2s\" data-column-id=\"mpc_column-669fe16814af3f\"><div class=\"vc_column-inner\"><div class=\"wpb_wrapper\">[vc_custom_heading text=&nbsp;&raquo;Zuverl&auml;ssige Kundenbetreuung&nbsp;&raquo; font_container=&nbsp;&raquo;tag:h4|text_align:left&nbsp;&raquo;]<div class=\"wpb_text_column\"><div class=\"wpb_wrapper\"><p>Langj&auml;hrige, engagierte Mitarbeiter sorgen durch ihre konstruktive Zusammenarbeit f&uuml;r das Funktionieren von Rinklin Naturkost.<\/p>\n<p>T&auml;glich wird an neuen Entwicklungen in Bereich Lageroptimierung, regelm&auml;&szlig;ige Software Aktualisierungen, Just-in-Time-Logistik und partnerschaftlichen Marketingkonzepten f&uuml;r ein f&uuml;r ein zukunftsf&auml;higes Unternehmen gearbeitet. Durch Kompetenz und Kommunikation unter unseren leitenden Mitarbeitern wird f&uuml;r kurze Wege in Entscheidungs- und Durchf&uuml;hrungsprozessen gesorgt.<\/p>\n<p>Einen reibungslosen und zufriedenstellenden Alltag &ndash; f&uuml;r Sie wie f&uuml;r uns &ndash;daran arbeiten nicht nur diese zehn Menschen t&auml;glich!<\/p>\n<\/div><\/div><\/div><\/div><\/div><\/div><\/div><\/section><section class=\"l-section wpb_row height_auto mpc-row\"><div class=\"l-section-h i-cf\"><div class=\"g-cols vc_row via_flex valign_top type_default stacking_default\"><div class=\"vc_col-sm-12 wpb_column vc_column_container mpc-column\" data-column-id=\"mpc_column-4269fe16814b573\"><div class=\"vc_column-inner\"><div class=\"wpb_wrapper\"><div class=\"w-separator size_medium\"><\/div><\/div><\/div><\/div><\/div><\/div><\/section>\n","protected":false},"excerpt":{"rendered":"TeamVon links: Patrick Danzeisen, Andreas Nitsch, Marco Richter, Erika Geiger-Enderlin, Sue-Caroline Haas, Jerome Reisacher, Kathrin Ziebold, Anja K&ouml;hler, Lucia Schnittkowitz, Roswitha Enderlin, Beate Dick, Jasmin Jung, Hubert Hirt, Andrea G&ouml;ppert, Christa Berwig, Jonas Muhler, David Rinklin, Lisa Baumg&auml;rtner, Stephanie Lipps [vc_custom_heading text=\"Wir leben Service - jeden Tag!\" font_container=\"tag:h4|text_align:left\"]Rund 250 verantwortungsbewusste und motivierte Mitarbeiter sorgen bei","protected":false},"author":1,"featured_media":0,"parent":0,"menu_order":0,"comment_status":"closed","ping_status":"closed","template":"","meta":{"footnotes":""},"class_list":["post-7619","page","type-page","status-publish","hentry"],"yoast_head":"<!-- This site is optimized with the Yoast SEO plugin v24.6 - https:\/\/yoast.com\/wordpress\/plugins\/seo\/ -->\n<title>Nous repr\u00e9sentons le service des achats et ventes - Rinklin Naturkost<\/title>\n<meta name=\"description\" content=\"Nous repr\u00e9sentons le service des achats et ventes de la soci\u00e9t\u00e9 et travaillons activement et ensemble \u00e0 votre service.\" \/>\n<meta name=\"robots\" content=\"index, follow, max-snippet:-1, max-image-preview:large, max-video-preview:-1\" \/>\n<link rel=\"canonical\" href=\"https:\/\/www.rinklin-naturkost.de\/fr\/nous\/\" \/>\n<meta property=\"og:locale\" content=\"fr_FR\" \/>\n<meta property=\"og:type\" content=\"article\" \/>\n<meta property=\"og:title\" content=\"Nous repr\u00e9sentons le service des achats et ventes - Rinklin Naturkost\" \/>\n<meta property=\"og:description\" content=\"Nous repr\u00e9sentons le service des achats et ventes de la soci\u00e9t\u00e9 et travaillons activement et ensemble \u00e0 votre service.\" \/>\n<meta property=\"og:url\" content=\"https:\/\/www.rinklin-naturkost.de\/fr\/nous\/\" \/>\n<meta property=\"og:site_name\" content=\"Rinklin Naturkost\" \/>\n<meta property=\"article:modified_time\" content=\"2019-10-02T09:45:49+00:00\" \/>\n<meta name=\"twitter:card\" content=\"summary_large_image\" \/>\n<meta name=\"twitter:label1\" content=\"Dur\u00e9e de lecture estim\u00e9e\" \/>\n\t<meta name=\"twitter:data1\" content=\"4 minutes\" \/>\n<script type=\"application\/ld+json\" class=\"yoast-schema-graph\">{\"@context\":\"https:\/\/schema.org\",\"@graph\":[{\"@type\":\"WebPage\",\"@id\":\"https:\/\/www.rinklin-naturkost.de\/fr\/nous\/\",\"url\":\"https:\/\/www.rinklin-naturkost.de\/fr\/nous\/\",\"name\":\"Nous repr\u00e9sentons le service des achats et ventes - Rinklin Naturkost\",\"isPartOf\":{\"@id\":\"https:\/\/www.rinklin-naturkost.de\/#website\"},\"datePublished\":\"2016-10-05T13:43:08+00:00\",\"dateModified\":\"2019-10-02T09:45:49+00:00\",\"description\":\"Nous repr\u00e9sentons le service des achats et ventes de la soci\u00e9t\u00e9 et travaillons activement et ensemble \u00e0 votre service.\",\"breadcrumb\":{\"@id\":\"https:\/\/www.rinklin-naturkost.de\/fr\/nous\/#breadcrumb\"},\"inLanguage\":\"fr-FR\",\"potentialAction\":[{\"@type\":\"ReadAction\",\"target\":[\"https:\/\/www.rinklin-naturkost.de\/fr\/nous\/\"]}]},{\"@type\":\"BreadcrumbList\",\"@id\":\"https:\/\/www.rinklin-naturkost.de\/fr\/nous\/#breadcrumb\",\"itemListElement\":[{\"@type\":\"ListItem\",\"position\":1,\"name\":\"Accueil\",\"item\":\"https:\/\/www.rinklin-naturkost.de\/fr\/rinklin-naturkost\/\"},{\"@type\":\"ListItem\",\"position\":2,\"name\":\"Nos employ\u00e9s\"}]},{\"@type\":\"WebSite\",\"@id\":\"https:\/\/www.rinklin-naturkost.de\/#website\",\"url\":\"https:\/\/www.rinklin-naturkost.de\/\",\"name\":\"Rinklin Naturkost\",\"description\":\"Der Bio-Gro\u00dfh\u00e4ndler vom Kaiserstuhl\",\"potentialAction\":[{\"@type\":\"SearchAction\",\"target\":{\"@type\":\"EntryPoint\",\"urlTemplate\":\"https:\/\/www.rinklin-naturkost.de\/?s={search_term_string}\"},\"query-input\":{\"@type\":\"PropertyValueSpecification\",\"valueRequired\":true,\"valueName\":\"search_term_string\"}}],\"inLanguage\":\"fr-FR\"}]}<\/script>\n<!-- \/ Yoast SEO plugin. -->","yoast_head_json":{"title":"Nous repr\u00e9sentons le service des achats et ventes - Rinklin Naturkost","description":"Nous repr\u00e9sentons le service des achats et ventes de la soci\u00e9t\u00e9 et travaillons activement et ensemble \u00e0 votre service.","robots":{"index":"index","follow":"follow","max-snippet":"max-snippet:-1","max-image-preview":"max-image-preview:large","max-video-preview":"max-video-preview:-1"},"canonical":"https:\/\/www.rinklin-naturkost.de\/fr\/nous\/","og_locale":"fr_FR","og_type":"article","og_title":"Nous repr\u00e9sentons le service des achats et ventes - Rinklin Naturkost","og_description":"Nous repr\u00e9sentons le service des achats et ventes de la soci\u00e9t\u00e9 et travaillons activement et ensemble \u00e0 votre service.","og_url":"https:\/\/www.rinklin-naturkost.de\/fr\/nous\/","og_site_name":"Rinklin Naturkost","article_modified_time":"2019-10-02T09:45:49+00:00","twitter_card":"summary_large_image","twitter_misc":{"Dur\u00e9e de lecture estim\u00e9e":"4 minutes"},"schema":{"@context":"https:\/\/schema.org","@graph":[{"@type":"WebPage","@id":"https:\/\/www.rinklin-naturkost.de\/fr\/nous\/","url":"https:\/\/www.rinklin-naturkost.de\/fr\/nous\/","name":"Nous repr\u00e9sentons le service des achats et ventes - Rinklin Naturkost","isPartOf":{"@id":"https:\/\/www.rinklin-naturkost.de\/#website"},"datePublished":"2016-10-05T13:43:08+00:00","dateModified":"2019-10-02T09:45:49+00:00","description":"Nous repr\u00e9sentons le service des achats et ventes de la soci\u00e9t\u00e9 et travaillons activement et ensemble \u00e0 votre service.","breadcrumb":{"@id":"https:\/\/www.rinklin-naturkost.de\/fr\/nous\/#breadcrumb"},"inLanguage":"fr-FR","potentialAction":[{"@type":"ReadAction","target":["https:\/\/www.rinklin-naturkost.de\/fr\/nous\/"]}]},{"@type":"BreadcrumbList","@id":"https:\/\/www.rinklin-naturkost.de\/fr\/nous\/#breadcrumb","itemListElement":[{"@type":"ListItem","position":1,"name":"Accueil","item":"https:\/\/www.rinklin-naturkost.de\/fr\/rinklin-naturkost\/"},{"@type":"ListItem","position":2,"name":"Nos employ\u00e9s"}]},{"@type":"WebSite","@id":"https:\/\/www.rinklin-naturkost.de\/#website","url":"https:\/\/www.rinklin-naturkost.de\/","name":"Rinklin Naturkost","description":"Der Bio-Gro\u00dfh\u00e4ndler vom Kaiserstuhl","potentialAction":[{"@type":"SearchAction","target":{"@type":"EntryPoint","urlTemplate":"https:\/\/www.rinklin-naturkost.de\/?s={search_term_string}"},"query-input":{"@type":"PropertyValueSpecification","valueRequired":true,"valueName":"search_term_string"}}],"inLanguage":"fr-FR"}]}},"_links":{"self":[{"href":"https:\/\/www.rinklin-naturkost.de\/fr\/wp-json\/wp\/v2\/pages\/7619","targetHints":{"allow":["GET"]}}],"collection":[{"href":"https:\/\/www.rinklin-naturkost.de\/fr\/wp-json\/wp\/v2\/pages"}],"about":[{"href":"https:\/\/www.rinklin-naturkost.de\/fr\/wp-json\/wp\/v2\/types\/page"}],"author":[{"embeddable":true,"href":"https:\/\/www.rinklin-naturkost.de\/fr\/wp-json\/wp\/v2\/users\/1"}],"replies":[{"embeddable":true,"href":"https:\/\/www.rinklin-naturkost.de\/fr\/wp-json\/wp\/v2\/comments?post=7619"}],"version-history":[{"count":4,"href":"https:\/\/www.rinklin-naturkost.de\/fr\/wp-json\/wp\/v2\/pages\/7619\/revisions"}],"predecessor-version":[{"id":12890,"href":"https:\/\/www.rinklin-naturkost.de\/fr\/wp-json\/wp\/v2\/pages\/7619\/revisions\/12890"}],"wp:attachment":[{"href":"https:\/\/www.rinklin-naturkost.de\/fr\/wp-json\/wp\/v2\/media?parent=7619"}],"curies":[{"name":"wp","href":"https:\/\/api.w.org\/{rel}","templated":true}]}}