{"id":7618,"date":"2016-09-27T22:34:35","date_gmt":"2016-09-27T20:34:35","guid":{"rendered":"https:\/\/www.rinklin-naturkost.de\/kunden\/"},"modified":"2017-01-26T09:58:41","modified_gmt":"2017-01-26T08:58:41","slug":"httpwww-rinklin-naturkost-defrkundeneventail-de-notre-clientele","status":"publish","type":"page","link":"https:\/\/www.rinklin-naturkost.de\/fr\/httpwww-rinklin-naturkost-defrkundeneventail-de-notre-clientele\/","title":{"rendered":"Kunden"},"content":{"rendered":"","protected":false},"excerpt":{"rendered":"","protected":false},"author":1,"featured_media":0,"parent":0,"menu_order":0,"comment_status":"closed","ping_status":"closed","template":"","meta":{"footnotes":""},"class_list":["post-7618","page","type-page","status-publish","hentry"],"yoast_head":"<!-- This site is optimized with the Yoast SEO plugin v24.6 - https:\/\/yoast.com\/wordpress\/plugins\/seo\/ -->\n<title>Client\u00e8le - Rinklin Naturkost<\/title>\n<meta name=\"description\" content=\"Nous proposons \u00e0 nos clients, d\u00e9taillants et\/ou traiteurs un choix diversif\u00e9 de produits et vous faisons profiter de notre professionalit\u00e9.\" \/>\n<meta name=\"robots\" content=\"index, follow, max-snippet:-1, max-image-preview:large, max-video-preview:-1\" \/>\n<link rel=\"canonical\" href=\"https:\/\/www.rinklin-naturkost.de\/fr\/httpwww-rinklin-naturkost-defrkundeneventail-de-notre-clientele\/\" \/>\n<meta property=\"og:locale\" content=\"fr_FR\" \/>\n<meta property=\"og:type\" content=\"article\" \/>\n<meta property=\"og:title\" content=\"Client\u00e8le - Rinklin Naturkost\" \/>\n<meta property=\"og:description\" content=\"Nous proposons \u00e0 nos clients, d\u00e9taillants et\/ou traiteurs un choix diversif\u00e9 de produits et vous faisons profiter de notre professionalit\u00e9.\" \/>\n<meta property=\"og:url\" content=\"https:\/\/www.rinklin-naturkost.de\/fr\/httpwww-rinklin-naturkost-defrkundeneventail-de-notre-clientele\/\" \/>\n<meta property=\"og:site_name\" content=\"Rinklin Naturkost\" \/>\n<meta property=\"article:modified_time\" content=\"2017-01-26T08:58:41+00:00\" \/>\n<meta name=\"twitter:card\" content=\"summary_large_image\" \/>\n<script type=\"application\/ld+json\" class=\"yoast-schema-graph\">{\"@context\":\"https:\/\/schema.org\",\"@graph\":[{\"@type\":\"WebPage\",\"@id\":\"https:\/\/www.rinklin-naturkost.de\/fr\/httpwww-rinklin-naturkost-defrkundeneventail-de-notre-clientele\/\",\"url\":\"https:\/\/www.rinklin-naturkost.de\/fr\/httpwww-rinklin-naturkost-defrkundeneventail-de-notre-clientele\/\",\"name\":\"Client\u00e8le - Rinklin Naturkost\",\"isPartOf\":{\"@id\":\"https:\/\/www.rinklin-naturkost.de\/#website\"},\"datePublished\":\"2016-09-27T20:34:35+00:00\",\"dateModified\":\"2017-01-26T08:58:41+00:00\",\"description\":\"Nous proposons \u00e0 nos clients, d\u00e9taillants et\/ou traiteurs un choix diversif\u00e9 de produits et vous faisons profiter de notre professionalit\u00e9.\",\"breadcrumb\":{\"@id\":\"https:\/\/www.rinklin-naturkost.de\/fr\/httpwww-rinklin-naturkost-defrkundeneventail-de-notre-clientele\/#breadcrumb\"},\"inLanguage\":\"fr-FR\",\"potentialAction\":[{\"@type\":\"ReadAction\",\"target\":[\"https:\/\/www.rinklin-naturkost.de\/fr\/httpwww-rinklin-naturkost-defrkundeneventail-de-notre-clientele\/\"]}]},{\"@type\":\"BreadcrumbList\",\"@id\":\"https:\/\/www.rinklin-naturkost.de\/fr\/httpwww-rinklin-naturkost-defrkundeneventail-de-notre-clientele\/#breadcrumb\",\"itemListElement\":[{\"@type\":\"ListItem\",\"position\":1,\"name\":\"Accueil\",\"item\":\"https:\/\/www.rinklin-naturkost.de\/fr\/rinklin-naturkost\/\"},{\"@type\":\"ListItem\",\"position\":2,\"name\":\"Kunden\"}]},{\"@type\":\"WebSite\",\"@id\":\"https:\/\/www.rinklin-naturkost.de\/#website\",\"url\":\"https:\/\/www.rinklin-naturkost.de\/\",\"name\":\"Rinklin Naturkost\",\"description\":\"Der Bio-Gro\u00dfh\u00e4ndler vom Kaiserstuhl\",\"potentialAction\":[{\"@type\":\"SearchAction\",\"target\":{\"@type\":\"EntryPoint\",\"urlTemplate\":\"https:\/\/www.rinklin-naturkost.de\/?s={search_term_string}\"},\"query-input\":{\"@type\":\"PropertyValueSpecification\",\"valueRequired\":true,\"valueName\":\"search_term_string\"}}],\"inLanguage\":\"fr-FR\"}]}<\/script>\n<!-- \/ Yoast SEO plugin. -->","yoast_head_json":{"title":"Client\u00e8le - Rinklin Naturkost","description":"Nous proposons \u00e0 nos clients, d\u00e9taillants et\/ou traiteurs un choix diversif\u00e9 de produits et vous faisons profiter de notre professionalit\u00e9.","robots":{"index":"index","follow":"follow","max-snippet":"max-snippet:-1","max-image-preview":"max-image-preview:large","max-video-preview":"max-video-preview:-1"},"canonical":"https:\/\/www.rinklin-naturkost.de\/fr\/httpwww-rinklin-naturkost-defrkundeneventail-de-notre-clientele\/","og_locale":"fr_FR","og_type":"article","og_title":"Client\u00e8le - Rinklin Naturkost","og_description":"Nous proposons \u00e0 nos clients, d\u00e9taillants et\/ou traiteurs un choix diversif\u00e9 de produits et vous faisons profiter de notre professionalit\u00e9.","og_url":"https:\/\/www.rinklin-naturkost.de\/fr\/httpwww-rinklin-naturkost-defrkundeneventail-de-notre-clientele\/","og_site_name":"Rinklin Naturkost","article_modified_time":"2017-01-26T08:58:41+00:00","twitter_card":"summary_large_image","schema":{"@context":"https:\/\/schema.org","@graph":[{"@type":"WebPage","@id":"https:\/\/www.rinklin-naturkost.de\/fr\/httpwww-rinklin-naturkost-defrkundeneventail-de-notre-clientele\/","url":"https:\/\/www.rinklin-naturkost.de\/fr\/httpwww-rinklin-naturkost-defrkundeneventail-de-notre-clientele\/","name":"Client\u00e8le - Rinklin Naturkost","isPartOf":{"@id":"https:\/\/www.rinklin-naturkost.de\/#website"},"datePublished":"2016-09-27T20:34:35+00:00","dateModified":"2017-01-26T08:58:41+00:00","description":"Nous proposons \u00e0 nos clients, d\u00e9taillants et\/ou traiteurs un choix diversif\u00e9 de produits et vous faisons profiter de notre professionalit\u00e9.","breadcrumb":{"@id":"https:\/\/www.rinklin-naturkost.de\/fr\/httpwww-rinklin-naturkost-defrkundeneventail-de-notre-clientele\/#breadcrumb"},"inLanguage":"fr-FR","potentialAction":[{"@type":"ReadAction","target":["https:\/\/www.rinklin-naturkost.de\/fr\/httpwww-rinklin-naturkost-defrkundeneventail-de-notre-clientele\/"]}]},{"@type":"BreadcrumbList","@id":"https:\/\/www.rinklin-naturkost.de\/fr\/httpwww-rinklin-naturkost-defrkundeneventail-de-notre-clientele\/#breadcrumb","itemListElement":[{"@type":"ListItem","position":1,"name":"Accueil","item":"https:\/\/www.rinklin-naturkost.de\/fr\/rinklin-naturkost\/"},{"@type":"ListItem","position":2,"name":"Kunden"}]},{"@type":"WebSite","@id":"https:\/\/www.rinklin-naturkost.de\/#website","url":"https:\/\/www.rinklin-naturkost.de\/","name":"Rinklin Naturkost","description":"Der Bio-Gro\u00dfh\u00e4ndler vom Kaiserstuhl","potentialAction":[{"@type":"SearchAction","target":{"@type":"EntryPoint","urlTemplate":"https:\/\/www.rinklin-naturkost.de\/?s={search_term_string}"},"query-input":{"@type":"PropertyValueSpecification","valueRequired":true,"valueName":"search_term_string"}}],"inLanguage":"fr-FR"}]}},"_links":{"self":[{"href":"https:\/\/www.rinklin-naturkost.de\/fr\/wp-json\/wp\/v2\/pages\/7618","targetHints":{"allow":["GET"]}}],"collection":[{"href":"https:\/\/www.rinklin-naturkost.de\/fr\/wp-json\/wp\/v2\/pages"}],"about":[{"href":"https:\/\/www.rinklin-naturkost.de\/fr\/wp-json\/wp\/v2\/types\/page"}],"author":[{"embeddable":true,"href":"https:\/\/www.rinklin-naturkost.de\/fr\/wp-json\/wp\/v2\/users\/1"}],"replies":[{"embeddable":true,"href":"https:\/\/www.rinklin-naturkost.de\/fr\/wp-json\/wp\/v2\/comments?post=7618"}],"version-history":[{"count":3,"href":"https:\/\/www.rinklin-naturkost.de\/fr\/wp-json\/wp\/v2\/pages\/7618\/revisions"}],"predecessor-version":[{"id":7758,"href":"https:\/\/www.rinklin-naturkost.de\/fr\/wp-json\/wp\/v2\/pages\/7618\/revisions\/7758"}],"wp:attachment":[{"href":"https:\/\/www.rinklin-naturkost.de\/fr\/wp-json\/wp\/v2\/media?parent=7618"}],"curies":[{"name":"wp","href":"https:\/\/api.w.org\/{rel}","templated":true}]}}