{"id":7554,"date":"2016-09-27T22:34:17","date_gmt":"2016-09-27T20:34:17","guid":{"rendered":"https:\/\/www.rinklin-naturkost.de\/service\/weiterbildung\/"},"modified":"2019-10-02T11:46:13","modified_gmt":"2019-10-02T09:46:13","slug":"formation-professionnelle","status":"publish","type":"page","link":"https:\/\/www.rinklin-naturkost.de\/fr\/service\/formation-professionnelle\/","title":{"rendered":"Formation professionelle"},"content":{"rendered":"<section class=\"l-section wpb_row height_huge with_img parallax_ver mpc-row\"><div class=\"l-section-img\" role=\"img\" data-img-width=\"5805\" data-img-height=\"1741\" style=\"background-image: url(https:\/\/www.rinklin-naturkost.de\/wp-content\/uploads\/2016\/09\/rinklin_kaiserstuhl.jpg);\"><\/div><div class=\"l-section-h i-cf\"><div class=\"g-cols vc_row via_flex valign_top type_default stacking_default\"><div class=\"vc_col-sm-12 wpb_column vc_column_container mpc-column\" data-column-id=\"mpc_column-3369de9f461c45b\"><div class=\"vc_column-inner\"><div class=\"wpb_wrapper\"><div id=\"ultimate-heading-234169de9f461c299\" class=\"uvc-heading ult-adjust-bottom-margin ultimate-heading-234169de9f461c299 uvc-5528 \" data-hspacer=\"no_spacer\" data-halign=\"center\" style=\"text-align:center\"><div class=\"uvc-heading-spacer no_spacer\" style=\"top\"><\/div><div class=\"uvc-main-heading ult-responsive\" data-ultimate-target=\".uvc-heading.ultimate-heading-234169de9f461c299 h1\" data-responsive-json-new='{\"font-size\":\"\",\"line-height\":\"\"}'><h1 style=\"font-weight:normal;color:#ffffff;\">Formation professionelle<\/h1><\/div><\/div><\/div><\/div><\/div><\/div><\/div><\/section><!-- Row Backgrounds --><section class=\"l-section wpb_row height_small mpc-row\"><div class=\"l-section-h i-cf\"><div class=\"g-cols vc_row via_flex valign_top type_default stacking_default\"><div class=\"vc_col-sm-3 wpb_column vc_column_container us_animate_afl mpc-column\" data-column-id=\"mpc_column-369de9f461eb78\"><div class=\"vc_column-inner\"><div class=\"wpb_wrapper\"><div class=\"wpb_text_column\"><div class=\"wpb_wrapper\"><p><a href=\"http:\/\/www.binako.de\/\" target=\"_blank\" rel=\"noopener\"><img loading=\"lazy\" decoding=\"async\" class=\"alignnone wp-image-6444\" src=\"https:\/\/www.rinklin-naturkost.de\/wp-content\/uploads\/2016\/09\/binako-logo-234x200.jpg\" alt=\"binako-logo-234x200\" width=\"234\" height=\"200\"><\/a><\/p>\n<\/div><\/div><a href=\"http:\/\/www.binako.de\/\" target=\"_blank\" title=\"Link\" data-id=\"mpc_button-8969de9f461ea2b\" class=\"mpc-button mpc-init mpc-transition \"><div class=\"mpc-button__content mpc-effect-type--stay mpc-effect-side--left\"><i class=\"mpc-button__icon mpc-transition  fa fa-external-link\"><\/i><span class=\"mpc-button__title mpc-transition\">T&eacute;l&eacute;charger<\/span><\/div><div class=\"mpc-button__background mpc-transition mpc-effect-type--fade mpc-effect-side--in\"><\/div><\/a><\/div><\/div><\/div><div class=\"vc_col-sm-9 wpb_column vc_column_container us_animate_afr mpc-column\" style=\"animation-delay:0.2s\" data-column-id=\"mpc_column-7769de9f4637383\"><div class=\"vc_column-inner\"><div class=\"wpb_wrapper\"><div class=\"wpb_text_column\"><div class=\"wpb_wrapper\"><p>La client&egrave;le bio est une client&egrave;le tr&egrave;s exigeante qui sollicite sans cesse vos collaborateurs par des questions tr&egrave;s sp&eacute;cifiques sur la qualit&eacute;, l&rsquo;origine ou la composition des produits.<\/p>\n<p>Vos clients attendent de leur magasin d&rsquo;alimentation biologique des conseils hautement qualifi&eacute;s et d&eacute;taill&eacute;s. En tant que magasin sp&eacute;cialis&eacute;, vous pouvez r&eacute;pondre &agrave; cette attente et ainsi vous d&eacute;marquer des d&eacute;taillants en alimentation conventionnelle offrant aussi des produits biologiques.<\/p>\n<p>Donner de bons conseils sous-entend une bonne formation au pr&eacute;alable. Nous vous proposons r&eacute;guli&egrave;rement des s&eacute;minaires permettant &agrave; vos collaborateurs, employ&eacute;s et vous-m&ecirc;mes d&rsquo;acqu&eacute;rir un large &eacute;ventail de comp&eacute;tences.<\/p>\n<p>BINAKO met en r&eacute;seau diff&eacute;rentes offres de formation continue sur diff&eacute;rents sites et vous facilite l&rsquo;acc&egrave;s aux s&eacute;minaires d&rsquo;autres grossistes.<\/p>\n<p><u>Service soumis &agrave; conditions, n&rsquo;est disponible qu&rsquo;en partie &agrave; notre client&egrave;le fran&ccedil;aise.<\/u><\/p>\n<p>Les journ&eacute;es de&nbsp; formation sont en langue allemande.<\/p>\n<\/div><\/div><div class=\"w-separator size_small\"><\/div><div class=\"w-grid type_grid layout_8846 cols_2\" id=\"us_grid_1\" style=\"--gap:1.5rem;\" data-filterable=\"true\"><style>@media (max-width:600px){#us_grid_1 .w-grid-list{margin:0}#us_grid_1 .w-grid-item{width:100%;padding:0;margin-bottom:var(--gap,0px)}}.layout_8846 .w-grid-item-h{}.layout_8846 .usg_post_image_1{margin-right:5%!important;margin-left:0!important;width:30%!important}.layout_8846 .usg_post_title_1{font-size:1.2rem!important}.layout_8846 .usg_hwrapper_2{color:#999999!important}.layout_8846 .usg_post_taxonomy_2{font-size:0.9rem!important}<\/style><div class=\"w-grid-list\">\t<article class=\"w-grid-item size_1x1 post-31568 post type-post status-publish format-standard has-post-thumbnail hentry category-seminar-fr tag-binako-fr tag-online-fr tag-seminar-fr tag-webinar-fr\" data-id=\"31568\">\r\n\t\t<div class=\"w-grid-item-h\">\r\n\t\t\t\t\t\t<div class=\"w-hwrapper usg_hwrapper_1 align_left valign_top\"><div class=\"w-post-elm post_image usg_post_image_1 as_circle has_width stretched\"><a href=\"https:\/\/www.rinklin-naturkost.de\/fr\/blog\/2020\/05\/07\/binako-webinare-und-onlinekurse\/\" aria-label=\"Binako: Webinare und Onlinekurse\"><img loading=\"lazy\" decoding=\"async\" width=\"350\" height=\"350\" src=\"https:\/\/www.rinklin-naturkost.de\/wp-content\/uploads\/2020\/05\/Pexela_ballpen-blur-close-up-computer-461077-1-350x350.jpg\" class=\"attachment-us_350_350_crop size-us_350_350_crop wp-post-image\" alt=\"Webinare und Onlinekurse\" srcset=\"https:\/\/www.rinklin-naturkost.de\/wp-content\/uploads\/2020\/05\/Pexela_ballpen-blur-close-up-computer-461077-1-350x350.jpg 350w, https:\/\/www.rinklin-naturkost.de\/wp-content\/uploads\/2020\/05\/Pexela_ballpen-blur-close-up-computer-461077-1-150x150.jpg 150w, https:\/\/www.rinklin-naturkost.de\/wp-content\/uploads\/2020\/05\/Pexela_ballpen-blur-close-up-computer-461077-1-600x600.jpg 600w, https:\/\/www.rinklin-naturkost.de\/wp-content\/uploads\/2020\/05\/Pexela_ballpen-blur-close-up-computer-461077-1-45x45.jpg 45w\" sizes=\"auto, (max-width: 350px) 100vw, 350px\"><\/a><\/div><div class=\"w-vwrapper usg_vwrapper_1 align_left valign_top\"><h2 class=\"w-post-elm post_title usg_post_title_1 entry-title color_link_inherit\"><a href=\"https:\/\/www.rinklin-naturkost.de\/fr\/blog\/2020\/05\/07\/binako-webinare-und-onlinekurse\/\">Binako: Webinare und Onlinekurse<\/a><\/h2><div class=\"w-hwrapper usg_hwrapper_2 has_text_color align_left valign_top wrap\"><div class=\"w-post-elm post_taxonomy usg_post_taxonomy_2 style_simple color_link_inherit\"><i class=\"far fa-folder-open\"><\/i><a class=\"term-102 term-seminar-fr\" href=\"https:\/\/www.rinklin-naturkost.de\/fr\/blog\/category\/seminar-fr\/\">Seminar<\/a><\/div><\/div><\/div><\/div>\t\t<\/div>\r\n\t\t\t<\/article>\r\n\t<article class=\"w-grid-item size_1x1 post-31570 post type-post status-publish format-standard has-post-thumbnail hentry category-evenement category-seminar-fr tag-kaese-fr tag-seminar-fr tag-wissen-fr\" data-id=\"31570\">\r\n\t\t<div class=\"w-grid-item-h\">\r\n\t\t\t\t\t\t<div class=\"w-hwrapper usg_hwrapper_1 align_left valign_top\"><div class=\"w-post-elm post_image usg_post_image_1 as_circle has_width stretched\"><a href=\"https:\/\/www.rinklin-naturkost.de\/fr\/blog\/2020\/01\/30\/mittwoch-18-03-2020-kaesespezialitaeten\/\" aria-label=\"ABGESAGT &ndash; Mittwoch 18.03.2020 &ndash; K&auml;sespezialit&auml;ten &ndash; ABGESAGT &ndash;\"><img loading=\"lazy\" decoding=\"async\" width=\"350\" height=\"350\" src=\"https:\/\/www.rinklin-naturkost.de\/wp-content\/uploads\/2019\/07\/Fotolia_182851432_XL-350x350.jpg\" class=\"attachment-us_350_350_crop size-us_350_350_crop wp-post-image\" alt=\"\" srcset=\"https:\/\/www.rinklin-naturkost.de\/wp-content\/uploads\/2019\/07\/Fotolia_182851432_XL-350x350.jpg 350w, https:\/\/www.rinklin-naturkost.de\/wp-content\/uploads\/2019\/07\/Fotolia_182851432_XL-150x150.jpg 150w, https:\/\/www.rinklin-naturkost.de\/wp-content\/uploads\/2019\/07\/Fotolia_182851432_XL-600x600.jpg 600w\" sizes=\"auto, (max-width: 350px) 100vw, 350px\"><\/a><\/div><div class=\"w-vwrapper usg_vwrapper_1 align_left valign_top\"><h2 class=\"w-post-elm post_title usg_post_title_1 entry-title color_link_inherit\"><a href=\"https:\/\/www.rinklin-naturkost.de\/fr\/blog\/2020\/01\/30\/mittwoch-18-03-2020-kaesespezialitaeten\/\">ABGESAGT &ndash; Mittwoch 18.03.2020 &ndash; K&auml;sespezialit&auml;ten &ndash; ABGESAGT &ndash;<\/a><\/h2><div class=\"w-hwrapper usg_hwrapper_2 has_text_color align_left valign_top wrap\"><div class=\"w-post-elm post_taxonomy usg_post_taxonomy_2 style_simple color_link_inherit\"><i class=\"far fa-folder-open\"><\/i><a class=\"term-341 term-evenement\" href=\"https:\/\/www.rinklin-naturkost.de\/fr\/blog\/category\/evenement\/\">&Eacute;v&eacute;nement<\/a><b>, <\/b><a class=\"term-102 term-seminar-fr\" href=\"https:\/\/www.rinklin-naturkost.de\/fr\/blog\/category\/seminar-fr\/\">Seminar<\/a><\/div><\/div><\/div><\/div>\t\t<\/div>\r\n\t\t\t<\/article>\r\n<\/div><div class=\"w-grid-preloader\">\t<div class=\"g-preloader type_1\">\r\n\t\t<div><\/div>\r\n\t<\/div>\r\n\t<\/div>\t<div class=\"w-grid-json hidden\" onclick='return {\"action\":\"us_ajax_grid\",\"infinite_scroll\":0,\"max_num_pages\":22,\"pagination\":\"none\",\"template_vars\":{\"columns\":\"2\",\"exclude_items\":\"none\",\"img_size\":\"default\",\"ignore_items_size\":0,\"items_layout\":\"8846\",\"items_offset\":\"1\",\"load_animation\":\"none\",\"overriding_link\":\"{\\\"url\\\":\\\"\\\"}\",\"post_id\":0,\"query_args\":{\"post_type\":[\"post\"],\"tax_query\":[{\"taxonomy\":\"category\",\"field\":\"slug\",\"terms\":[\"seminar\"]}],\"post_status\":[\"publish\"],\"posts_per_page\":\"2\"},\"orderby_query_args\":{\"orderby\":{\"date\":\"DESC\"}},\"type\":\"grid\",\"us_grid_post_type\":\"post\",\"us_grid_ajax_index\":1,\"us_grid_filter_query_string\":null,\"us_grid_index\":1,\"page_args\":[],\"lang\":\"fr\"}}'><\/div>\r\n\t<\/div><\/div><\/div><\/div><\/div><\/div><\/section><section class=\"l-section wpb_row height_auto mpc-row\"><div class=\"l-section-h i-cf\"><div class=\"g-cols vc_row via_flex valign_top type_default stacking_default\"><div class=\"vc_col-sm-12 wpb_column vc_column_container mpc-column\" data-column-id=\"mpc_column-6069de9f4640481\"><div class=\"vc_column-inner\"><div class=\"wpb_wrapper\"><div class=\"g-cols wpb_row via_flex valign_top type_default stacking_default mpc-row\"><div class=\"vc_col-sm-12 wpb_column vc_column_container mpc-column\" data-column-id=\"mpc_column-169de9f4638dce\"><div class=\"vc_column-inner\"><div class=\"wpb_wrapper\"><div class=\"wpb_text_column\"><div class=\"wpb_wrapper\"><div class=\"real3dflipbook\" id=\"2\"><\/div>\n<\/div><\/div><\/div><\/div><\/div><\/div><div class=\"g-cols wpb_row via_flex valign_top type_default stacking_default mpc-row\"><div class=\"vc_col-sm-12 wpb_column vc_column_container mpc-column\" data-column-id=\"mpc_column-8569de9f4639325\"><div class=\"vc_column-inner\"><div class=\"wpb_wrapper\"><div class=\"w-separator size_small\"><\/div><\/div><\/div><\/div><\/div><div class=\"g-cols wpb_row via_flex valign_top type_default stacking_default mpc-row\"><div class=\"vc_col-sm-3 wpb_column vc_column_container mpc-column\" data-column-id=\"mpc_column-8669de9f46397c5\"><div class=\"vc_column-inner\"><div class=\"wpb_wrapper\"><a href=\"http:\/\/www.rinklin-naturkost.de\/wp-content\/uploads\/2016\/12\/Binako_2017_einzelseiten.pdf\" target=\"_blank\" title=\"Link\" data-id=\"mpc_button-8069de9f4639716\" class=\"mpc-button mpc-init mpc-transition \"><div class=\"mpc-button__content mpc-effect-type--stay mpc-effect-side--left\"><i class=\"mpc-button__icon mpc-transition  fa fa-file-pdf-o\"><\/i><span class=\"mpc-button__title mpc-transition\">Programm downloaden<\/span><\/div><div class=\"mpc-button__background mpc-transition mpc-effect-type--fade mpc-effect-side--in\"><\/div><\/a><\/div><\/div><\/div><div class=\"vc_col-sm-9 wpb_column vc_column_container mpc-column\" data-column-id=\"mpc_column-9369de9f463f981\"><div class=\"vc_column-inner\"><div class=\"wpb_wrapper\"><div class=\"wpb_text_column\"><div class=\"wpb_wrapper\"><p><a href=\"http:\/\/www.binako.de\/\" target=\"_blank\" rel=\"noopener\"><img loading=\"lazy\" decoding=\"async\" class=\"alignnone wp-image-6452\" src=\"https:\/\/www.rinklin-naturkost.de\/wp-content\/uploads\/2016\/09\/BODAN-LOGO.png\" alt=\"binako\" width=\"143\" height=\"60\"><\/a>&nbsp; &nbsp; &nbsp;&nbsp;<a href=\"http:\/\/www.binako.de\/\" target=\"_blank\" rel=\"noopener\"><img loading=\"lazy\" decoding=\"async\" class=\"alignnone wp-image-6453\" src=\"https:\/\/www.rinklin-naturkost.de\/wp-content\/uploads\/2016\/09\/logo_willmann_paxan.jpg\" alt=\"binako\" width=\"177\" height=\"60\" srcset=\"https:\/\/www.rinklin-naturkost.de\/wp-content\/uploads\/2016\/09\/logo_willmann_paxan.jpg 1000w, https:\/\/www.rinklin-naturkost.de\/wp-content\/uploads\/2016\/09\/logo_willmann_paxan-600x203.jpg 600w, https:\/\/www.rinklin-naturkost.de\/wp-content\/uploads\/2016\/09\/logo_willmann_paxan-300x102.jpg 300w, https:\/\/www.rinklin-naturkost.de\/wp-content\/uploads\/2016\/09\/logo_willmann_paxan-768x260.jpg 768w\" sizes=\"auto, (max-width: 177px) 100vw, 177px\"><\/a>&nbsp; &nbsp; &nbsp;&nbsp;<a href=\"http:\/\/www.binako.de\/\" target=\"_blank\" rel=\"noopener\"><img loading=\"lazy\" decoding=\"async\" class=\"alignnone wp-image-6450\" src=\"https:\/\/www.rinklin-naturkost.de\/wp-content\/uploads\/2016\/09\/TW_regio_farb-auf-blau.jpg\" alt=\"binako\" width=\"104\" height=\"60\" srcset=\"https:\/\/www.rinklin-naturkost.de\/wp-content\/uploads\/2016\/09\/TW_regio_farb-auf-blau.jpg 1052w, https:\/\/www.rinklin-naturkost.de\/wp-content\/uploads\/2016\/09\/TW_regio_farb-auf-blau-600x345.jpg 600w, https:\/\/www.rinklin-naturkost.de\/wp-content\/uploads\/2016\/09\/TW_regio_farb-auf-blau-300x173.jpg 300w, https:\/\/www.rinklin-naturkost.de\/wp-content\/uploads\/2016\/09\/TW_regio_farb-auf-blau-768x442.jpg 768w, https:\/\/www.rinklin-naturkost.de\/wp-content\/uploads\/2016\/09\/TW_regio_farb-auf-blau-1024x589.jpg 1024w\" sizes=\"auto, (max-width: 104px) 100vw, 104px\"><\/a>&nbsp; &nbsp; &nbsp;<a href=\"http:\/\/www.binako.de\/\" target=\"_blank\" rel=\"noopener\"><img loading=\"lazy\" decoding=\"async\" class=\"alignnone wp-image-6456\" src=\"https:\/\/www.rinklin-naturkost.de\/wp-content\/uploads\/2016\/09\/Oekoring_Logo.png\" alt=\"binako\" width=\"119\" height=\"60\"><\/a>&nbsp; &nbsp; &nbsp;&nbsp;<a href=\"http:\/\/www.binako.de\/\" target=\"_blank\" rel=\"noopener\"><img loading=\"lazy\" decoding=\"async\" class=\"alignnone wp-image-6458\" src=\"https:\/\/www.rinklin-naturkost.de\/wp-content\/uploads\/2016\/09\/chiemgauer-logo-2012.gif\" alt=\"binako\" width=\"162\" height=\"60\"><\/a><\/p>\n<\/div><\/div><\/div><\/div><\/div><\/div><div class=\"g-cols wpb_row via_flex valign_top type_default stacking_default mpc-row\"><div class=\"vc_col-sm-12 wpb_column vc_column_container mpc-column\" data-column-id=\"mpc_column-6169de9f464021c\"><div class=\"vc_column-inner\"><div class=\"wpb_wrapper\"><div class=\"w-separator size_medium\"><\/div><\/div><\/div><\/div><\/div><\/div><\/div><\/div><\/div><\/div><\/section>\n","protected":false},"excerpt":{"rendered":"AUS AKTUELLEM ANLASS wurde das Seminar abgesagt. Einen Ersatztermin werden wir rechtzeitig bekannt geben! K\u00e4sespezialit\u00e4ten sind das Aush\u00e4ngeschild einer K\u00e4setheke. Sie begeistern Kunden, zeugen von Fachkompetenz und bergen wertvolles Umsatzpotenzial, das es zu erschlie\u00dfen gilt. Wie dies gelingen kann, erfahren Sie in diesem Seminar, das Ihnen einen perfekten \u00dcberblick \u00fcber das K\u00e4sespezialit\u00e4ten-Segment in der Naturkostbranche","protected":false},"author":1,"featured_media":0,"parent":7531,"menu_order":0,"comment_status":"closed","ping_status":"closed","template":"","meta":{"footnotes":""},"class_list":["post-7554","page","type-page","status-publish","hentry"],"yoast_head":"<!-- This site is optimized with the Yoast SEO plugin v24.6 - https:\/\/yoast.com\/wordpress\/plugins\/seo\/ -->\n<title>journ\u00e9es de formation professionnelle - Rinklin Naturkost<\/title>\n<meta name=\"description\" content=\"Nous organisons r\u00e9guli\u00e8rement comme membre actif de \u201ebildungsnetzwerk naturkost\u201c des journ\u00e9es de formation professionnelle.\" \/>\n<meta name=\"robots\" content=\"index, follow, max-snippet:-1, max-image-preview:large, max-video-preview:-1\" \/>\n<link rel=\"canonical\" href=\"https:\/\/www.rinklin-naturkost.de\/fr\/service\/formation-professionnelle\/\" \/>\n<meta property=\"og:locale\" content=\"fr_FR\" \/>\n<meta property=\"og:type\" content=\"article\" \/>\n<meta property=\"og:title\" content=\"journ\u00e9es de formation professionnelle - Rinklin Naturkost\" \/>\n<meta property=\"og:description\" content=\"Nous organisons r\u00e9guli\u00e8rement comme membre actif de \u201ebildungsnetzwerk naturkost\u201c des journ\u00e9es de formation professionnelle.\" \/>\n<meta property=\"og:url\" content=\"https:\/\/www.rinklin-naturkost.de\/fr\/service\/formation-professionnelle\/\" \/>\n<meta property=\"og:site_name\" content=\"Rinklin Naturkost\" \/>\n<meta property=\"article:modified_time\" content=\"2019-10-02T09:46:13+00:00\" \/>\n<meta property=\"og:image\" content=\"https:\/\/www.rinklin-naturkost.de\/wp-content\/uploads\/2016\/09\/binako-logo-234x200.jpg\" \/>\n<meta name=\"twitter:card\" content=\"summary_large_image\" \/>\n<meta name=\"twitter:label1\" content=\"Dur\u00e9e de lecture estim\u00e9e\" \/>\n\t<meta name=\"twitter:data1\" content=\"3 minutes\" \/>\n<script type=\"application\/ld+json\" class=\"yoast-schema-graph\">{\"@context\":\"https:\/\/schema.org\",\"@graph\":[{\"@type\":\"WebPage\",\"@id\":\"https:\/\/www.rinklin-naturkost.de\/fr\/service\/formation-professionnelle\/\",\"url\":\"https:\/\/www.rinklin-naturkost.de\/fr\/service\/formation-professionnelle\/\",\"name\":\"journ\u00e9es de formation professionnelle - Rinklin Naturkost\",\"isPartOf\":{\"@id\":\"https:\/\/www.rinklin-naturkost.de\/#website\"},\"primaryImageOfPage\":{\"@id\":\"https:\/\/www.rinklin-naturkost.de\/fr\/service\/formation-professionnelle\/#primaryimage\"},\"image\":{\"@id\":\"https:\/\/www.rinklin-naturkost.de\/fr\/service\/formation-professionnelle\/#primaryimage\"},\"thumbnailUrl\":\"https:\/\/www.rinklin-naturkost.de\/wp-content\/uploads\/2016\/09\/binako-logo-234x200.jpg\",\"datePublished\":\"2016-09-27T20:34:17+00:00\",\"dateModified\":\"2019-10-02T09:46:13+00:00\",\"description\":\"Nous organisons r\u00e9guli\u00e8rement comme membre actif de \u201ebildungsnetzwerk naturkost\u201c des journ\u00e9es de formation professionnelle.\",\"breadcrumb\":{\"@id\":\"https:\/\/www.rinklin-naturkost.de\/fr\/service\/formation-professionnelle\/#breadcrumb\"},\"inLanguage\":\"fr-FR\",\"potentialAction\":[{\"@type\":\"ReadAction\",\"target\":[\"https:\/\/www.rinklin-naturkost.de\/fr\/service\/formation-professionnelle\/\"]}]},{\"@type\":\"ImageObject\",\"inLanguage\":\"fr-FR\",\"@id\":\"https:\/\/www.rinklin-naturkost.de\/fr\/service\/formation-professionnelle\/#primaryimage\",\"url\":\"https:\/\/www.rinklin-naturkost.de\/wp-content\/uploads\/2016\/09\/binako-logo-234x200.jpg\",\"contentUrl\":\"https:\/\/www.rinklin-naturkost.de\/wp-content\/uploads\/2016\/09\/binako-logo-234x200.jpg\"},{\"@type\":\"BreadcrumbList\",\"@id\":\"https:\/\/www.rinklin-naturkost.de\/fr\/service\/formation-professionnelle\/#breadcrumb\",\"itemListElement\":[{\"@type\":\"ListItem\",\"position\":1,\"name\":\"Accueil\",\"item\":\"https:\/\/www.rinklin-naturkost.de\/fr\/\"},{\"@type\":\"ListItem\",\"position\":2,\"name\":\"Nos services\",\"item\":\"https:\/\/www.rinklin-naturkost.de\/fr\/service\/\"},{\"@type\":\"ListItem\",\"position\":3,\"name\":\"Formation professionelle\"}]},{\"@type\":\"WebSite\",\"@id\":\"https:\/\/www.rinklin-naturkost.de\/#website\",\"url\":\"https:\/\/www.rinklin-naturkost.de\/\",\"name\":\"Rinklin Naturkost\",\"description\":\"Der Bio-Gro\u00dfh\u00e4ndler vom Kaiserstuhl\",\"potentialAction\":[{\"@type\":\"SearchAction\",\"target\":{\"@type\":\"EntryPoint\",\"urlTemplate\":\"https:\/\/www.rinklin-naturkost.de\/?s={search_term_string}\"},\"query-input\":{\"@type\":\"PropertyValueSpecification\",\"valueRequired\":true,\"valueName\":\"search_term_string\"}}],\"inLanguage\":\"fr-FR\"}]}<\/script>\n<!-- \/ Yoast SEO plugin. -->","yoast_head_json":{"title":"journ\u00e9es de formation professionnelle - Rinklin Naturkost","description":"Nous organisons r\u00e9guli\u00e8rement comme membre actif de \u201ebildungsnetzwerk naturkost\u201c des journ\u00e9es de formation professionnelle.","robots":{"index":"index","follow":"follow","max-snippet":"max-snippet:-1","max-image-preview":"max-image-preview:large","max-video-preview":"max-video-preview:-1"},"canonical":"https:\/\/www.rinklin-naturkost.de\/fr\/service\/formation-professionnelle\/","og_locale":"fr_FR","og_type":"article","og_title":"journ\u00e9es de formation professionnelle - Rinklin Naturkost","og_description":"Nous organisons r\u00e9guli\u00e8rement comme membre actif de \u201ebildungsnetzwerk naturkost\u201c des journ\u00e9es de formation professionnelle.","og_url":"https:\/\/www.rinklin-naturkost.de\/fr\/service\/formation-professionnelle\/","og_site_name":"Rinklin Naturkost","article_modified_time":"2019-10-02T09:46:13+00:00","og_image":[{"url":"https:\/\/www.rinklin-naturkost.de\/wp-content\/uploads\/2016\/09\/binako-logo-234x200.jpg","type":"","width":"","height":""}],"twitter_card":"summary_large_image","twitter_misc":{"Dur\u00e9e de lecture estim\u00e9e":"3 minutes"},"schema":{"@context":"https:\/\/schema.org","@graph":[{"@type":"WebPage","@id":"https:\/\/www.rinklin-naturkost.de\/fr\/service\/formation-professionnelle\/","url":"https:\/\/www.rinklin-naturkost.de\/fr\/service\/formation-professionnelle\/","name":"journ\u00e9es de formation professionnelle - Rinklin Naturkost","isPartOf":{"@id":"https:\/\/www.rinklin-naturkost.de\/#website"},"primaryImageOfPage":{"@id":"https:\/\/www.rinklin-naturkost.de\/fr\/service\/formation-professionnelle\/#primaryimage"},"image":{"@id":"https:\/\/www.rinklin-naturkost.de\/fr\/service\/formation-professionnelle\/#primaryimage"},"thumbnailUrl":"https:\/\/www.rinklin-naturkost.de\/wp-content\/uploads\/2016\/09\/binako-logo-234x200.jpg","datePublished":"2016-09-27T20:34:17+00:00","dateModified":"2019-10-02T09:46:13+00:00","description":"Nous organisons r\u00e9guli\u00e8rement comme membre actif de \u201ebildungsnetzwerk naturkost\u201c des journ\u00e9es de formation professionnelle.","breadcrumb":{"@id":"https:\/\/www.rinklin-naturkost.de\/fr\/service\/formation-professionnelle\/#breadcrumb"},"inLanguage":"fr-FR","potentialAction":[{"@type":"ReadAction","target":["https:\/\/www.rinklin-naturkost.de\/fr\/service\/formation-professionnelle\/"]}]},{"@type":"ImageObject","inLanguage":"fr-FR","@id":"https:\/\/www.rinklin-naturkost.de\/fr\/service\/formation-professionnelle\/#primaryimage","url":"https:\/\/www.rinklin-naturkost.de\/wp-content\/uploads\/2016\/09\/binako-logo-234x200.jpg","contentUrl":"https:\/\/www.rinklin-naturkost.de\/wp-content\/uploads\/2016\/09\/binako-logo-234x200.jpg"},{"@type":"BreadcrumbList","@id":"https:\/\/www.rinklin-naturkost.de\/fr\/service\/formation-professionnelle\/#breadcrumb","itemListElement":[{"@type":"ListItem","position":1,"name":"Accueil","item":"https:\/\/www.rinklin-naturkost.de\/fr\/"},{"@type":"ListItem","position":2,"name":"Nos services","item":"https:\/\/www.rinklin-naturkost.de\/fr\/service\/"},{"@type":"ListItem","position":3,"name":"Formation professionelle"}]},{"@type":"WebSite","@id":"https:\/\/www.rinklin-naturkost.de\/#website","url":"https:\/\/www.rinklin-naturkost.de\/","name":"Rinklin Naturkost","description":"Der Bio-Gro\u00dfh\u00e4ndler vom Kaiserstuhl","potentialAction":[{"@type":"SearchAction","target":{"@type":"EntryPoint","urlTemplate":"https:\/\/www.rinklin-naturkost.de\/?s={search_term_string}"},"query-input":{"@type":"PropertyValueSpecification","valueRequired":true,"valueName":"search_term_string"}}],"inLanguage":"fr-FR"}]}},"_links":{"self":[{"href":"https:\/\/www.rinklin-naturkost.de\/fr\/wp-json\/wp\/v2\/pages\/7554","targetHints":{"allow":["GET"]}}],"collection":[{"href":"https:\/\/www.rinklin-naturkost.de\/fr\/wp-json\/wp\/v2\/pages"}],"about":[{"href":"https:\/\/www.rinklin-naturkost.de\/fr\/wp-json\/wp\/v2\/types\/page"}],"author":[{"embeddable":true,"href":"https:\/\/www.rinklin-naturkost.de\/fr\/wp-json\/wp\/v2\/users\/1"}],"replies":[{"embeddable":true,"href":"https:\/\/www.rinklin-naturkost.de\/fr\/wp-json\/wp\/v2\/comments?post=7554"}],"version-history":[{"count":7,"href":"https:\/\/www.rinklin-naturkost.de\/fr\/wp-json\/wp\/v2\/pages\/7554\/revisions"}],"predecessor-version":[{"id":12846,"href":"https:\/\/www.rinklin-naturkost.de\/fr\/wp-json\/wp\/v2\/pages\/7554\/revisions\/12846"}],"up":[{"embeddable":true,"href":"https:\/\/www.rinklin-naturkost.de\/fr\/wp-json\/wp\/v2\/pages\/7531"}],"wp:attachment":[{"href":"https:\/\/www.rinklin-naturkost.de\/fr\/wp-json\/wp\/v2\/media?parent=7554"}],"curies":[{"name":"wp","href":"https:\/\/api.w.org\/{rel}","templated":true}]}}