{"id":7548,"date":"2016-11-29T09:48:53","date_gmt":"2016-11-29T08:48:53","guid":{"rendered":"https:\/\/www.rinklin-naturkost.de\/service\/die-regionalen\/fachberatung\/"},"modified":"2019-10-02T11:44:51","modified_gmt":"2019-10-02T09:44:51","slug":"fachberatung","status":"publish","type":"page","link":"https:\/\/www.rinklin-naturkost.de\/fr\/service\/fachberatung\/","title":{"rendered":"Service de conseil adapt\u00e9"},"content":{"rendered":"<section class=\"l-section wpb_row height_huge with_img parallax_ver mpc-row\"><div class=\"l-section-img\" role=\"img\" data-img-width=\"5805\" data-img-height=\"1741\" style=\"background-image: url(https:\/\/www.rinklin-naturkost.de\/wp-content\/uploads\/2016\/09\/rinklin_kaiserstuhl.jpg);\"><\/div><div class=\"l-section-h i-cf\"><div class=\"g-cols vc_row via_flex valign_top type_default stacking_default\"><div class=\"vc_col-sm-12 wpb_column vc_column_container mpc-column\" data-column-id=\"mpc_column-3969de520504583\"><div class=\"vc_column-inner\"><div class=\"wpb_wrapper\"><div id=\"ultimate-heading-933369de5205043c8\" class=\"uvc-heading ult-adjust-bottom-margin ultimate-heading-933369de5205043c8 uvc-1639 \" data-hspacer=\"no_spacer\" data-halign=\"center\" style=\"text-align:center\"><div class=\"uvc-heading-spacer no_spacer\" style=\"top\"><\/div><div class=\"uvc-main-heading ult-responsive\" data-ultimate-target=\".uvc-heading.ultimate-heading-933369de5205043c8 h1\" data-responsive-json-new='{\"font-size\":\"\",\"line-height\":\"\"}'><h1 style=\"font-weight:normal;color:#ffffff;\">Service de conseil adapt&eacute;<\/h1><\/div><\/div><\/div><\/div><\/div><\/div><\/div><\/section><!-- Row Backgrounds --><section class=\"l-section wpb_row height_small mpc-row\"><div class=\"l-section-h i-cf\"><div class=\"g-cols vc_row via_flex valign_top type_default stacking_default\"><div class=\"vc_col-sm-12 wpb_column vc_column_container mpc-column\" data-column-id=\"mpc_column-7169de5205087c2\"><div class=\"vc_column-inner\"><div class=\"wpb_wrapper\"><div class=\"g-cols wpb_row via_flex valign_top type_default stacking_default mpc-row\"><div class=\"vc_col-sm-2 wpb_column vc_column_container us_animate_aft mpc-column\" data-column-id=\"mpc_column-5669de520506476\"><div class=\"vc_column-inner\"><div class=\"wpb_wrapper\"><div class=\"wpb_text_column\"><div class=\"wpb_wrapper\"><p><img loading=\"lazy\" decoding=\"async\" class=\"alignright wp-image-5804\" src=\"https:\/\/www.rinklin-naturkost.de\/wp-content\/uploads\/2016\/11\/rinklin_ka%CC%88fer_rot.png\" alt=\"Fachberatung\" width=\"65\" height=\"69\" srcset=\"https:\/\/www.rinklin-naturkost.de\/wp-content\/uploads\/2016\/11\/rinklin_ka&#776;fer_rot.png 377w, https:\/\/www.rinklin-naturkost.de\/wp-content\/uploads\/2016\/11\/rinklin_ka&#776;fer_rot-284x300.png 284w\" sizes=\"auto, (max-width: 65px) 100vw, 65px\"><\/p>\n<\/div><\/div><\/div><\/div><\/div><div class=\"vc_col-sm-10 wpb_column vc_column_container us_animate_aft mpc-column\" data-column-id=\"mpc_column-169de52050691e\"><div class=\"vc_column-inner\"><div class=\"wpb_wrapper\"><div class=\"wpb_text_column\"><div class=\"wpb_wrapper\"><p>Dans le commerce de d&eacute;tail, le succ&egrave;s de la vente d&rsquo;articles ou m&ecirc;me d&rsquo;une gamme enti&egrave;re de produits d&eacute;pend non seulement de la s&eacute;lection des produits mais tout autant de leur mise en valeur. Si les marchandises sont pr&eacute;sent&eacute;es de mani&egrave;re attrayante, il en r&eacute;sulte des achats spontan&eacute;s qui viennent s&rsquo;ajouter aux achats planifi&eacute;s. Nous vous offrons notre soutien actif lors de toute conception ou am&eacute;nagement de votre magasin.<\/p>\n<\/div><\/div><\/div><\/div><\/div><\/div><div class=\"w-separator size_medium\"><\/div><div class=\"w-person layout_circle\" itemscope itemtype=\"https:\/\/schema.org\/Person\"><div class=\"w-person-image\"><img loading=\"lazy\" decoding=\"async\" width=\"1140\" height=\"1710\" src=\"https:\/\/www.rinklin-naturkost.de\/wp-content\/uploads\/2018\/05\/Bild-Hubert_Wall-1365x2048.jpg\" class=\"attachment-large size-large\" alt=\"\" itemprop=\"image\"><\/div><div class=\"w-person-content\"><h4 itemprop=\"name\" class=\"w-person-name\"><span>Hubert Wall<\/span><\/h4><div class=\"w-person-role\" itemprop=\"jobTitle\">Fachberatung Bedientheke, K&auml;se-, Wein- und Feinkostsortiment<\/div><\/div><\/div><div class=\"wpb_text_column\"><div class=\"wpb_wrapper\"><p>Conseiller sp&eacute;cialis&eacute; pour rayon service arri&egrave;re, assortiment de fromages, charcuterie, vins et &eacute;picerie fine.<\/p>\n<p>Du fait de ses nombreuses ann&eacute;es d&rsquo;activit&eacute; en tant que grossiste, d&eacute;taillant de fromages biologiques &agrave; son propre compte et cofondateur de la fromagerie de Geifertshofen, Hubert Wall poss&egrave;de une connaissance approfondie des produits et une exp&eacute;rience pratique de la vente et du contact client.<\/p>\n<p>Il intervient comme conseiller en gestion aupr&egrave;s de d&eacute;taillants biologiques sur le th&egrave;me &laquo;&nbsp;Rentabilit&eacute; du rayon &nbsp;des fromages &agrave; la coupe&nbsp;&raquo;. Depuis avril 2018, il travaille &eacute;galement en tant que collaborateur Freelance pour notre maison.<\/p>\n<p>B&eacute;n&eacute;ficiez des conseils personnalis&eacute;s d&rsquo;un professionnel, d&eacute;couvrez avec Hubert Wall des possibilit&eacute;s de mise en valeur, des agencements de rayon personnalis&eacute;s, optimisez votre assortiment en &eacute;picerie fine et\/ou organisez avec lui une soir&eacute;e d&eacute;gustation pour vos clients.<\/p>\n<p>Vous avez envie d&rsquo;un &laquo;&nbsp;upgrade&nbsp;&raquo; de votre gamme ?<\/p>\n<\/div><\/div><\/div><\/div><\/div><\/div><\/div><\/section>\n","protected":false},"excerpt":{"rendered":"Service de conseil adapt&eacute; Dans le commerce de d&eacute;tail, le succ&egrave;s de la vente d&rsquo;articles ou m&ecirc;me d&rsquo;une gamme enti&egrave;re de produits d&eacute;pend non seulement de la s&eacute;lection des produits mais tout autant de leur mise en valeur. Si les marchandises sont pr&eacute;sent&eacute;es de mani&egrave;re attrayante, il en r&eacute;sulte des achats spontan&eacute;s qui viennent s&rsquo;ajouter","protected":false},"author":1,"featured_media":0,"parent":7531,"menu_order":0,"comment_status":"closed","ping_status":"closed","template":"","meta":{"footnotes":""},"class_list":["post-7548","page","type-page","status-publish","hentry"],"yoast_head":"<!-- This site is optimized with the Yoast SEO plugin v24.6 - https:\/\/yoast.com\/wordpress\/plugins\/seo\/ -->\n<title>Kompetente und ausf\u00fchrliche Fachberatung - Rinklin Naturkost<\/title>\n<meta name=\"description\" content=\"Bettina Beck, Tanja St\u00f6hr et Jost-Otto Ludwig vous font prifter de leurs comp\u00e9tences lors d\u00b4agrandissement ou de cr\u00e9ation de magasins.\" \/>\n<meta name=\"robots\" content=\"index, follow, max-snippet:-1, max-image-preview:large, max-video-preview:-1\" \/>\n<link rel=\"canonical\" href=\"https:\/\/www.rinklin-naturkost.de\/fr\/service\/fachberatung\/\" \/>\n<meta property=\"og:locale\" content=\"fr_FR\" \/>\n<meta property=\"og:type\" content=\"article\" \/>\n<meta property=\"og:title\" content=\"Kompetente und ausf\u00fchrliche Fachberatung - Rinklin Naturkost\" \/>\n<meta property=\"og:description\" content=\"Bettina Beck, Tanja St\u00f6hr et Jost-Otto Ludwig vous font prifter de leurs comp\u00e9tences lors d\u00b4agrandissement ou de cr\u00e9ation de magasins.\" \/>\n<meta property=\"og:url\" content=\"https:\/\/www.rinklin-naturkost.de\/fr\/service\/fachberatung\/\" \/>\n<meta property=\"og:site_name\" content=\"Rinklin Naturkost\" \/>\n<meta property=\"article:modified_time\" content=\"2019-10-02T09:44:51+00:00\" \/>\n<meta property=\"og:image\" content=\"https:\/\/www.rinklin-naturkost.de\/wp-content\/uploads\/2016\/11\/rinklin_ka\u0308fer_rot.png\" \/>\n<meta name=\"twitter:card\" content=\"summary_large_image\" \/>\n<meta name=\"twitter:label1\" content=\"Dur\u00e9e de lecture estim\u00e9e\" \/>\n\t<meta name=\"twitter:data1\" content=\"2 minutes\" \/>\n<script type=\"application\/ld+json\" class=\"yoast-schema-graph\">{\"@context\":\"https:\/\/schema.org\",\"@graph\":[{\"@type\":\"WebPage\",\"@id\":\"https:\/\/www.rinklin-naturkost.de\/fr\/service\/fachberatung\/\",\"url\":\"https:\/\/www.rinklin-naturkost.de\/fr\/service\/fachberatung\/\",\"name\":\"Kompetente und ausf\u00fchrliche Fachberatung - Rinklin Naturkost\",\"isPartOf\":{\"@id\":\"https:\/\/www.rinklin-naturkost.de\/#website\"},\"datePublished\":\"2016-11-29T08:48:53+00:00\",\"dateModified\":\"2019-10-02T09:44:51+00:00\",\"description\":\"Bettina Beck, Tanja St\u00f6hr et Jost-Otto Ludwig vous font prifter de leurs comp\u00e9tences lors d\u00b4agrandissement ou de cr\u00e9ation de magasins.\",\"breadcrumb\":{\"@id\":\"https:\/\/www.rinklin-naturkost.de\/fr\/service\/fachberatung\/#breadcrumb\"},\"inLanguage\":\"fr-FR\",\"potentialAction\":[{\"@type\":\"ReadAction\",\"target\":[\"https:\/\/www.rinklin-naturkost.de\/fr\/service\/fachberatung\/\"]}]},{\"@type\":\"BreadcrumbList\",\"@id\":\"https:\/\/www.rinklin-naturkost.de\/fr\/service\/fachberatung\/#breadcrumb\",\"itemListElement\":[{\"@type\":\"ListItem\",\"position\":1,\"name\":\"Accueil\",\"item\":\"https:\/\/www.rinklin-naturkost.de\/fr\/\"},{\"@type\":\"ListItem\",\"position\":2,\"name\":\"Nos services\",\"item\":\"https:\/\/www.rinklin-naturkost.de\/fr\/service\/\"},{\"@type\":\"ListItem\",\"position\":3,\"name\":\"Service de conseil adapt\u00e9\"}]},{\"@type\":\"WebSite\",\"@id\":\"https:\/\/www.rinklin-naturkost.de\/#website\",\"url\":\"https:\/\/www.rinklin-naturkost.de\/\",\"name\":\"Rinklin Naturkost\",\"description\":\"Der Bio-Gro\u00dfh\u00e4ndler vom Kaiserstuhl\",\"potentialAction\":[{\"@type\":\"SearchAction\",\"target\":{\"@type\":\"EntryPoint\",\"urlTemplate\":\"https:\/\/www.rinklin-naturkost.de\/?s={search_term_string}\"},\"query-input\":{\"@type\":\"PropertyValueSpecification\",\"valueRequired\":true,\"valueName\":\"search_term_string\"}}],\"inLanguage\":\"fr-FR\"}]}<\/script>\n<!-- \/ Yoast SEO plugin. -->","yoast_head_json":{"title":"Kompetente und ausf\u00fchrliche Fachberatung - Rinklin Naturkost","description":"Bettina Beck, Tanja St\u00f6hr et Jost-Otto Ludwig vous font prifter de leurs comp\u00e9tences lors d\u00b4agrandissement ou de cr\u00e9ation de magasins.","robots":{"index":"index","follow":"follow","max-snippet":"max-snippet:-1","max-image-preview":"max-image-preview:large","max-video-preview":"max-video-preview:-1"},"canonical":"https:\/\/www.rinklin-naturkost.de\/fr\/service\/fachberatung\/","og_locale":"fr_FR","og_type":"article","og_title":"Kompetente und ausf\u00fchrliche Fachberatung - Rinklin Naturkost","og_description":"Bettina Beck, Tanja St\u00f6hr et Jost-Otto Ludwig vous font prifter de leurs comp\u00e9tences lors d\u00b4agrandissement ou de cr\u00e9ation de magasins.","og_url":"https:\/\/www.rinklin-naturkost.de\/fr\/service\/fachberatung\/","og_site_name":"Rinklin Naturkost","article_modified_time":"2019-10-02T09:44:51+00:00","og_image":[{"url":"https:\/\/www.rinklin-naturkost.de\/wp-content\/uploads\/2016\/11\/rinklin_ka\u0308fer_rot.png","type":"","width":"","height":""}],"twitter_card":"summary_large_image","twitter_misc":{"Dur\u00e9e de lecture estim\u00e9e":"2 minutes"},"schema":{"@context":"https:\/\/schema.org","@graph":[{"@type":"WebPage","@id":"https:\/\/www.rinklin-naturkost.de\/fr\/service\/fachberatung\/","url":"https:\/\/www.rinklin-naturkost.de\/fr\/service\/fachberatung\/","name":"Kompetente und ausf\u00fchrliche Fachberatung - Rinklin Naturkost","isPartOf":{"@id":"https:\/\/www.rinklin-naturkost.de\/#website"},"datePublished":"2016-11-29T08:48:53+00:00","dateModified":"2019-10-02T09:44:51+00:00","description":"Bettina Beck, Tanja St\u00f6hr et Jost-Otto Ludwig vous font prifter de leurs comp\u00e9tences lors d\u00b4agrandissement ou de cr\u00e9ation de magasins.","breadcrumb":{"@id":"https:\/\/www.rinklin-naturkost.de\/fr\/service\/fachberatung\/#breadcrumb"},"inLanguage":"fr-FR","potentialAction":[{"@type":"ReadAction","target":["https:\/\/www.rinklin-naturkost.de\/fr\/service\/fachberatung\/"]}]},{"@type":"BreadcrumbList","@id":"https:\/\/www.rinklin-naturkost.de\/fr\/service\/fachberatung\/#breadcrumb","itemListElement":[{"@type":"ListItem","position":1,"name":"Accueil","item":"https:\/\/www.rinklin-naturkost.de\/fr\/"},{"@type":"ListItem","position":2,"name":"Nos services","item":"https:\/\/www.rinklin-naturkost.de\/fr\/service\/"},{"@type":"ListItem","position":3,"name":"Service de conseil adapt\u00e9"}]},{"@type":"WebSite","@id":"https:\/\/www.rinklin-naturkost.de\/#website","url":"https:\/\/www.rinklin-naturkost.de\/","name":"Rinklin Naturkost","description":"Der Bio-Gro\u00dfh\u00e4ndler vom Kaiserstuhl","potentialAction":[{"@type":"SearchAction","target":{"@type":"EntryPoint","urlTemplate":"https:\/\/www.rinklin-naturkost.de\/?s={search_term_string}"},"query-input":{"@type":"PropertyValueSpecification","valueRequired":true,"valueName":"search_term_string"}}],"inLanguage":"fr-FR"}]}},"_links":{"self":[{"href":"https:\/\/www.rinklin-naturkost.de\/fr\/wp-json\/wp\/v2\/pages\/7548","targetHints":{"allow":["GET"]}}],"collection":[{"href":"https:\/\/www.rinklin-naturkost.de\/fr\/wp-json\/wp\/v2\/pages"}],"about":[{"href":"https:\/\/www.rinklin-naturkost.de\/fr\/wp-json\/wp\/v2\/types\/page"}],"author":[{"embeddable":true,"href":"https:\/\/www.rinklin-naturkost.de\/fr\/wp-json\/wp\/v2\/users\/1"}],"replies":[{"embeddable":true,"href":"https:\/\/www.rinklin-naturkost.de\/fr\/wp-json\/wp\/v2\/comments?post=7548"}],"version-history":[{"count":5,"href":"https:\/\/www.rinklin-naturkost.de\/fr\/wp-json\/wp\/v2\/pages\/7548\/revisions"}],"predecessor-version":[{"id":12844,"href":"https:\/\/www.rinklin-naturkost.de\/fr\/wp-json\/wp\/v2\/pages\/7548\/revisions\/12844"}],"up":[{"embeddable":true,"href":"https:\/\/www.rinklin-naturkost.de\/fr\/wp-json\/wp\/v2\/pages\/7531"}],"wp:attachment":[{"href":"https:\/\/www.rinklin-naturkost.de\/fr\/wp-json\/wp\/v2\/media?parent=7548"}],"curies":[{"name":"wp","href":"https:\/\/api.w.org\/{rel}","templated":true}]}}