{"id":34886,"date":"2026-04-30T10:32:06","date_gmt":"2026-04-30T08:32:06","guid":{"rendered":"https:\/\/www.rinklin-naturkost.de\/?page_id=34886"},"modified":"2026-05-06T12:26:54","modified_gmt":"2026-05-06T10:26:54","slug":"grosskuechen-einrichtungen","status":"publish","type":"page","link":"https:\/\/www.rinklin-naturkost.de\/fr\/grosskuechen-einrichtungen\/","title":{"rendered":"Rinklin f\u00fcr Gro\u00dfk\u00fcchen und Einrichtungen"},"content":{"rendered":"<section class=\"l-section wpb_row us_custom_33fe73d0 height_medium mpc-row\"><div class=\"l-section-h i-cf\"><div class=\"g-cols vc_row via_flex valign_top type_default stacking_default\"><div class=\"vc_col-sm-12 wpb_column vc_column_container mpc-column\" data-column-id=\"mpc_column-4969fb4e69727a1\"><div class=\"vc_column-inner\"><div class=\"wpb_wrapper\"><div class=\"w-image align_center\"><div class=\"w-image-h\"><img decoding=\"async\" width=\"170\" height=\"169\" src=\"https:\/\/www.rinklin-naturkost.de\/wp-content\/uploads\/2026\/04\/grosskuechen-DUMMY-170x169.png\" class=\"attachment-us_170_400 size-us_170_400\" alt=\"\" loading=\"lazy\" srcset=\"https:\/\/www.rinklin-naturkost.de\/wp-content\/uploads\/2026\/04\/grosskuechen-DUMMY-170x169.png 170w, https:\/\/www.rinklin-naturkost.de\/wp-content\/uploads\/2026\/04\/grosskuechen-DUMMY-300x298.png 300w, https:\/\/www.rinklin-naturkost.de\/wp-content\/uploads\/2026\/04\/grosskuechen-DUMMY-150x150.png 150w, https:\/\/www.rinklin-naturkost.de\/wp-content\/uploads\/2026\/04\/grosskuechen-DUMMY-350x350.png 350w, https:\/\/www.rinklin-naturkost.de\/wp-content\/uploads\/2026\/04\/grosskuechen-DUMMY-600x595.png 600w, https:\/\/www.rinklin-naturkost.de\/wp-content\/uploads\/2026\/04\/grosskuechen-DUMMY-403x400.png 403w, https:\/\/www.rinklin-naturkost.de\/wp-content\/uploads\/2026\/04\/grosskuechen-DUMMY-45x45.png 45w, https:\/\/www.rinklin-naturkost.de\/wp-content\/uploads\/2026\/04\/grosskuechen-DUMMY.png 656w\" sizes=\"auto, (max-width: 170px) 100vw, 170px\"><\/div><\/div><\/div><\/div><\/div><\/div><\/div><\/section><section class=\"l-section wpb_row height_small mpc-row\"><div class=\"l-section-h i-cf\"><div class=\"g-cols vc_row via_flex valign_top type_default stacking_default\"><div class=\"vc_col-sm-12 wpb_column vc_column_container has_text_color has_bg_color mpc-column\" data-column-id=\"mpc_column-4569fb4e697342c\"><div class=\"vc_column-inner us_custom_5f4936af\"><div class=\"wpb_wrapper\"><h1 class=\"w-text us_custom_e518b713 has_text_color\"><span class=\"w-text-h\"><span class=\"w-text-value\">Rinklin in Gro&szlig;k&uuml;chen und Einrichtungen<\/span><\/span><\/h1><\/div><\/div><\/div><\/div><\/div><\/section><section class=\"l-section wpb_row us_custom_e11ab399 height_small mpc-row\"><div class=\"l-section-h i-cf\"><div class=\"g-cols vc_row via_flex valign_top type_default stacking_default\"><div class=\"vc_col-sm-12 wpb_column vc_column_container mpc-column\" data-column-id=\"mpc_column-4169fb4e6973aa5\"><div class=\"vc_column-inner\"><div class=\"wpb_wrapper\"><div class=\"wpb_text_column\"><div class=\"wpb_wrapper\"><h2 style=\"text-align: center;\">Bio, das in gro&szlig;en Mengen zuverl&auml;ssig funktioniert<\/h2>\n<p style=\"text-align: center;\">In Gro&szlig;k&uuml;chen und Einrichtungen m&uuml;ssen viele Mahlzeiten t&auml;glich zuverl&auml;ssig vorbereitet werden. Planbare Mengen, passende Gebinde und stabile Lieferketten sind daf&uuml;r entscheidend.<\/p>\n<p style=\"text-align: center;\"><strong>Rinklin unterst&uuml;tzt Kliniken, Kantinen, Schulen und andere Einrichtungen mit strukturierten Lieferprozessen, gro&szlig;k&uuml;chentauglichen Sortimenten und pers&ouml;nlicher Betreuung.<\/strong><\/p>\n<\/div><\/div><\/div><\/div><\/div><div class=\"vc_col-sm-12 wpb_column vc_column_container mpc-column\" data-column-id=\"mpc_column-7269fb4e6973bc2\"><div class=\"vc_column-inner\"><div class=\"wpb_wrapper\"><\/div><\/div><\/div><\/div><\/div><\/section><section class=\"l-section wpb_row us_custom_eb849559 height_small mpc-row\"><div class=\"l-section-h i-cf\"><div class=\"g-cols vc_row via_flex valign_top type_default stacking_default\"><div class=\"vc_col-sm-12 wpb_column vc_column_container mpc-column\" data-column-id=\"mpc_column-3469fb4e6974059\"><div class=\"vc_column-inner\"><div class=\"wpb_wrapper\"><div class=\"w-btn-wrapper align_none\"><a class=\"w-btn us-btn-style_2 us_custom_7a782ab4\" href=\"#kontakt\"><span class=\"w-btn-label\">Zusammenarbeit anfragen<\/span><\/a><\/div><\/div><\/div><\/div><\/div><\/div><\/section><section class=\"l-section wpb_row us_custom_e11ab399 height_medium mpc-row\"><div class=\"l-section-h i-cf\"><div class=\"g-cols vc_row via_flex valign_top type_default stacking_default\"><div class=\"vc_col-sm-12 wpb_column vc_column_container mpc-column\" data-column-id=\"mpc_column-7669fb4e697452c\"><div class=\"vc_column-inner us_custom_eb849559\"><div class=\"wpb_wrapper\"><div class=\"wpb_text_column\"><div class=\"wpb_wrapper\"><h2>Gro&szlig;k&uuml;chen arbeiten unter besonderen Rahmenbedingungen<\/h2>\n<\/div><\/div><\/div><\/div><\/div><\/div><\/div><\/section><section class=\"l-section wpb_row height_small mpc-row\"><div class=\"l-section-h i-cf\"><div class=\"g-cols vc_row via_flex valign_top type_default stacking_default\" style=\"--additional-gap:2px;\"><div class=\"vc_col-sm-4 wpb_column vc_column_container has_text_color has_bg_color mpc-column\" data-column-id=\"mpc_column-1569fb4e6974ab0\"><div class=\"vc_column-inner us_custom_44e876e0\"><div class=\"wpb_wrapper\"><div class=\"wpb_text_column us_custom_eb849559\"><div class=\"wpb_wrapper\"><h3 style=\"text-align: center;\">Planbare Mengen<\/h3>\n<p style=\"text-align: center;\">Gro&szlig;e Mengen m&uuml;ssen zuverl&auml;ssig verf&uuml;gbar sein.<\/p>\n<\/div><\/div><\/div><\/div><\/div><div class=\"vc_col-sm-4 wpb_column vc_column_container has_text_color has_bg_color mpc-column\" data-column-id=\"mpc_column-3869fb4e6974d98\"><div class=\"vc_column-inner us_custom_44e876e0\"><div class=\"wpb_wrapper\"><div class=\"wpb_text_column us_custom_eb849559\"><div class=\"wpb_wrapper\"><h3 style=\"text-align: center;\">Budget und Wirtschaftlichkeit<\/h3>\n<p style=\"text-align: center;\">Produkte m&uuml;ssen sowohl qualitativ als auch wirtschaftlich passen.<\/p>\n<\/div><\/div><\/div><\/div><\/div><div class=\"vc_col-sm-4 wpb_column vc_column_container has_text_color has_bg_color mpc-column\" data-column-id=\"mpc_column-6469fb4e6975096\"><div class=\"vc_column-inner us_custom_44e876e0\"><div class=\"wpb_wrapper\"><div class=\"wpb_text_column us_custom_eb849559\"><div class=\"wpb_wrapper\"><h3 style=\"text-align: center;\">Effiziente K&uuml;chenprozesse<\/h3>\n<p style=\"text-align: center;\">Ready&#8209;Cut&#8209;Produkte oder vorbereitete Zutaten sparen Zeit.<\/p>\n<\/div><\/div><\/div><\/div><\/div><\/div><\/div><\/section><section class=\"l-section wpb_row us_custom_ad3eb102 height_small mpc-row\"><div class=\"l-section-h i-cf\"><div class=\"g-cols vc_row via_flex valign_top type_default stacking_default\"><div class=\"vc_col-sm-12 wpb_column vc_column_container mpc-column\" data-column-id=\"mpc_column-1769fb4e697550c\"><div class=\"vc_column-inner\"><div class=\"wpb_wrapper\"><div class=\"wpb_text_column\"><div class=\"wpb_wrapper\"><h2>Was Einrichtungen an Rinklin sch&auml;tzen<\/h2>\n<\/div><\/div><\/div><\/div><\/div><\/div><\/div><\/section><section class=\"l-section wpb_row us_custom_ef186374 height_medium mpc-row\"><div class=\"l-section-overlay\" style=\"background:var(--color-content-bg-alt)\"><\/div><div class=\"l-section-h i-cf\"><div class=\"g-cols vc_row via_flex valign_top type_default stacking_default\" style=\"--additional-gap:4px;\"><div class=\"vc_col-sm-3 wpb_column vc_column_container 7px has_bg_color mpc-column\" id=\"7px\" data-column-id=\"mpc_column-7069fb4e6975b00\"><div class=\"vc_column-inner us_custom_97b38ee6\"><div class=\"wpb_wrapper\"><div class=\"wpb_text_column us_custom_eb849559\"><div class=\"wpb_wrapper\"><h3 style=\"text-align: center;\">Gro&szlig;gebinde und K&uuml;chenformate<\/h3>\n<p style=\"text-align: center;\">Sortimente speziell f&uuml;r den Einsatz in Gro&szlig;k&uuml;chen.<\/p>\n<\/div><\/div><div class=\"w-iconbox us_custom_942a08d8 iconpos_top style_default color_primary align_center no_text no_title\"><div class=\"w-iconbox-icon\" style=\"font-size:2rem;\"><i class=\"fas fa-check\"><\/i><\/div><div class=\"w-iconbox-meta\"><\/div><\/div><\/div><\/div><\/div><div class=\"vc_col-sm-3 wpb_column vc_column_container 7px has_bg_color mpc-column\" data-column-id=\"mpc_column-6369fb4e6975dfb\"><div class=\"vc_column-inner us_custom_97b38ee6\"><div class=\"wpb_wrapper\"><div class=\"wpb_text_column us_custom_eb849559\"><div class=\"wpb_wrapper\"><h3 style=\"text-align: center;\">Ready&#8209;Cut und vorbereitete Produkte<\/h3>\n<p style=\"text-align: center;\">Zeitersparnis bei der t&auml;glichen K&uuml;chenarbeit.<\/p>\n<\/div><\/div><div class=\"w-iconbox us_custom_942a08d8 iconpos_top style_default color_primary align_center no_text no_title\"><div class=\"w-iconbox-icon\" style=\"font-size:2rem;\"><i class=\"fas fa-check\"><\/i><\/div><div class=\"w-iconbox-meta\"><\/div><\/div><\/div><\/div><\/div><div class=\"vc_col-sm-3 wpb_column vc_column_container 7px has_bg_color mpc-column\" data-column-id=\"mpc_column-9569fb4e697e979\"><div class=\"vc_column-inner us_custom_97b38ee6\"><div class=\"wpb_wrapper\"><div class=\"wpb_text_column us_custom_eb849559\"><div class=\"wpb_wrapper\"><h3>Eigene Logistik<\/h3>\n<p>Planbare Lieferungen auch bei gro&szlig;en Bestellmengen.<\/p>\n<\/div><\/div><div class=\"w-iconbox us_custom_942a08d8 iconpos_top style_default color_primary align_center no_text no_title\"><div class=\"w-iconbox-icon\" style=\"font-size:2rem;\"><i class=\"fas fa-check\"><\/i><\/div><div class=\"w-iconbox-meta\"><\/div><\/div><\/div><\/div><\/div><div class=\"vc_col-sm-3 wpb_column vc_column_container 7px has_bg_color mpc-column\" data-column-id=\"mpc_column-4869fb4e697ed9f\"><div class=\"vc_column-inner us_custom_97b38ee6\"><div class=\"wpb_wrapper\"><div class=\"wpb_text_column us_custom_eb849559\"><div class=\"wpb_wrapper\"><h3>Pers&ouml;nliche Betreuung<\/h3>\n<p>Feste Ansprechpartner im Innen&#8209; und Au&szlig;endienst.<\/p>\n<\/div><\/div><div class=\"w-iconbox us_custom_942a08d8 iconpos_top style_default color_primary align_center no_text no_title\"><div class=\"w-iconbox-icon\" style=\"font-size:2rem;\"><i class=\"fas fa-check\"><\/i><\/div><div class=\"w-iconbox-meta\"><\/div><\/div><\/div><\/div><\/div><\/div><\/div><\/section><section class=\"l-section wpb_row us_custom_e11ab399 height_medium mpc-row\"><div class=\"l-section-h i-cf\"><div class=\"g-cols vc_row via_flex valign_top type_default stacking_default\"><div class=\"vc_col-sm-12 wpb_column vc_column_container mpc-column\" data-column-id=\"mpc_column-1769fb4e697f6d8\"><div class=\"vc_column-inner us_custom_a573e4c2\"><div class=\"wpb_wrapper\"><div class=\"wpb_text_column us_custom_8d5aa4e2\"><div class=\"wpb_wrapper\"><h2 style=\"text-align: center;\">Unterst&uuml;tzung im t&auml;glichen Betrieb<\/h2>\n<\/div><\/div><div class=\"w-iconbox us_custom_98a28ab7 iconpos_left style_default color_primary align_center no_text\"><div class=\"w-iconbox-icon\" style=\"font-size:1.5rem;\"><i class=\"far fa-star\"><\/i><\/div><div class=\"w-iconbox-meta\"><h5 class=\"w-iconbox-title\">Beratung zur Einf&uuml;hrung eines Bio&#8209;Anteils<\/h5><\/div><\/div><div class=\"w-iconbox us_custom_98a28ab7 iconpos_left style_default color_primary align_center no_text\"><div class=\"w-iconbox-icon\" style=\"font-size:1.5rem;\"><i class=\"far fa-star\"><\/i><\/div><div class=\"w-iconbox-meta\"><h5 class=\"w-iconbox-title\">Unterst&uuml;tzung bei Bio&#8209;Zertifizierung<\/h5><\/div><\/div><div class=\"w-iconbox us_custom_98a28ab7 iconpos_left style_default color_primary align_center no_text\"><div class=\"w-iconbox-icon\" style=\"font-size:1.5rem;\"><i class=\"far fa-star\"><\/i><\/div><div class=\"w-iconbox-meta\"><h5 class=\"w-iconbox-title\">Besorgung von Artikeln au&szlig;erhalb des Sortiments m&ouml;glich<\/h5><\/div><\/div><div class=\"w-iconbox us_custom_98a28ab7 iconpos_left style_default color_primary align_center no_text\"><div class=\"w-iconbox-icon\" style=\"font-size:1.5rem;\"><i class=\"far fa-star\"><\/i><\/div><div class=\"w-iconbox-meta\"><h5 class=\"w-iconbox-title\">Aktionen f&uuml;r Au&szlig;erhausverpflegung<\/h5><\/div><\/div><\/div><\/div><\/div><\/div><\/div><\/section><section class=\"l-section wpb_row us_custom_e11ab399 height_medium mpc-row\" id=\"kontakt\"><div class=\"l-section-h i-cf\"><div class=\"g-cols vc_row via_flex valign_top type_default stacking_default\"><div class=\"vc_col-sm-12 wpb_column vc_column_container mpc-column\" data-column-id=\"mpc_column-5869fb4e6981190\"><div class=\"vc_column-inner\"><div class=\"wpb_wrapper\"><div class=\"wpb_text_column\"><div class=\"wpb_wrapper\"><h2 style=\"text-align: center;\">Ob Klinik, Schule, Kantine oder Wohn- und Pflegeeinrichtung<\/h2>\n<p style=\"text-align: center;\">Ich begleite Sie pers&ouml;nlich und unterst&uuml;tze Sie bei Planung und Umsetzung<\/p>\n<\/div><\/div><div class=\"g-cols wpb_row us_custom_0f8f44b7 gh-persons-center via_flex valign_top type_default stacking_default mpc-row\"><div class=\"vc_col-sm-3 wpb_column vc_column_container mpc-column\" data-column-id=\"mpc_column-3269fb4e697ff26\"><div class=\"vc_column-inner\"><div class=\"wpb_wrapper\"><\/div><\/div><\/div><div class=\"vc_col-sm-3 wpb_column vc_column_container mpc-column\" data-column-id=\"mpc_column-7069fb4e6980cac\"><div class=\"vc_column-inner\"><div class=\"wpb_wrapper\"><div class=\"w-person layout_simple with_desc with_socials\" itemscope itemtype=\"https:\/\/schema.org\/Person\"><div class=\"w-person-image\"><a href=\"mai&#108;&#116;&#111;&#58;&#x76;&#x65;&#x72;&#x74;&#x72;&#x69;&#x65;b&#64;r&#105;&#110;&#107;&#108;&#105;&#x6e;&#x2d;&#x6e;&#x61;&#x74;&#x75;rkos&#116;&#46;&#100;&#101;\" class=\"w-person-link\" aria-label=\"Marco Richter\"><img loading=\"lazy\" decoding=\"async\" width=\"600\" height=\"600\" src=\"https:\/\/www.rinklin-naturkost.de\/wp-content\/uploads\/2023\/07\/webseite_rinklin_marco-600x600.png\" class=\"attachment-us_600_600_crop size-us_600_600_crop\" alt=\"\" itemprop=\"image\" srcset=\"https:\/\/www.rinklin-naturkost.de\/wp-content\/uploads\/2023\/07\/webseite_rinklin_marco-600x600.png 600w, https:\/\/www.rinklin-naturkost.de\/wp-content\/uploads\/2023\/07\/webseite_rinklin_marco-300x300.png 300w, https:\/\/www.rinklin-naturkost.de\/wp-content\/uploads\/2023\/07\/webseite_rinklin_marco-2048x2048.png 2048w, https:\/\/www.rinklin-naturkost.de\/wp-content\/uploads\/2023\/07\/webseite_rinklin_marco-150x150.png 150w, https:\/\/www.rinklin-naturkost.de\/wp-content\/uploads\/2023\/07\/webseite_rinklin_marco-350x350.png 350w, https:\/\/www.rinklin-naturkost.de\/wp-content\/uploads\/2023\/07\/webseite_rinklin_marco-768x768.png 768w, https:\/\/www.rinklin-naturkost.de\/wp-content\/uploads\/2023\/07\/webseite_rinklin_marco-45x45.png 45w\" sizes=\"auto, (max-width: 600px) 100vw, 600px\"><\/a><\/div><div class=\"w-person-content\"><a href=\"ma&#105;&#108;&#x74;&#x6f;&#x3a;&#x76;er&#116;&#114;&#x69;&#x65;&#x62;&#x40;ri&#110;&#107;&#108;&#x69;&#x6e;&#x2d;&#x6e;at&#117;&#114;&#x6b;&#x6f;&#x73;&#x74;&#46;d&#101;\" class=\"w-person-link\" aria-label=\"Marco Richter\"><h4 itemprop=\"name\" class=\"w-person-name\"><span>Marco Richter<\/span><\/h4><\/a><div class=\"w-person-links\"><div class=\"w-person-links-list\"><a href=\"&#x6d;&#x61;&#x69;&#x6c;&#x74;&#x6f;&#58;&#118;&#101;&#114;trie&#x62;&#x40;&#x72;&#x69;&#x6e;&#x6b;&#108;&#105;&#110;&#45;&#110;atu&#x72;&#x6b;&#x6f;&#x73;&#x74;&#x2e;&#100;&#101;\" class=\"w-person-links-item type_email\" title=\"E-mail\"><i class=\"fas fa-envelope\"><\/i><\/a><\/div><\/div><div class=\"w-person-description\" itemprop=\"description\"><p>Vertrieb Gastronomie und Gro&szlig;verbraucher<br>\n+49 7663 9394 180<br>\n<a href=\"ma&#105;&#108;&#116;&#111;&#x3a;&#x76;&#x65;&#x72;&#x74;ri&#101;&#98;&#64;&#114;&#x69;&#x6e;&#x6b;&#x6c;&#x69;n-&#110;&#97;&#116;&#117;&#x72;&#x6b;&#x6f;&#x73;&#x74;&#46;de\"><span style=\"font-weight: 400;\">&#x76;e&#x72;&#116;&#x72;&#x69;e&#x62;&#64;&#x72;&#x69;n&#x6b;&#108;&#x69;&#x6e;-&#x6e;&#97;&#x74;&#x75;r&#x6b;&#111;&#x73;&#x74;&#46;&#x64;&#101;<\/span><\/a><\/p>\n<\/div><\/div><\/div><\/div><\/div><\/div><div class=\"vc_col-sm-3 wpb_column vc_column_container mpc-column\" data-column-id=\"mpc_column-6769fb4e6980e5e\"><div class=\"vc_column-inner\"><div class=\"wpb_wrapper\"><\/div><\/div><\/div><\/div><\/div><\/div><\/div><\/div><\/div><\/section><section class=\"l-section wpb_row us_custom_50992e91 height_medium mpc-row\"><div class=\"l-section-h i-cf\"><div class=\"g-cols vc_row via_flex valign_top type_default stacking_default\"><div class=\"vc_col-sm-12 wpb_column vc_column_container mpc-column\" data-column-id=\"mpc_column-2369fb4e698191e\"><div class=\"vc_column-inner us_custom_eb849559\"><div class=\"wpb_wrapper\"><div class=\"wpb_text_column\"><div class=\"wpb_wrapper\"><h2>Erst noch mehr &uuml;ber Rinklin erfahren<\/h2>\n<\/div><\/div><\/div><\/div><\/div><\/div><\/div><\/section><section class=\"l-section wpb_row us_custom_f85bc7b1 height_medium mpc-row\"><div class=\"l-section-h i-cf\"><div class=\"g-cols vc_row via_flex valign_top type_default stacking_default\"><div class=\"vc_col-sm-4 wpb_column vc_column_container mpc-column\" data-column-id=\"mpc_column-2269fb4e6981cc4\"><div class=\"vc_column-inner us_custom_eb849559\"><div class=\"wpb_wrapper\"><div class=\"w-btn-wrapper align_center\"><a class=\"w-btn us-btn-style_2 us_custom_7a782ab4\" target=\"_blank\" href=\"https:\/\/www.rinklin-naturkost.de\/sortiment\/\"><span class=\"w-btn-label\">Unser Sortiment<\/span><\/a><\/div><\/div><\/div><\/div><div class=\"vc_col-sm-4 wpb_column vc_column_container mpc-column\" data-column-id=\"mpc_column-169fb4e6981e5c\"><div class=\"vc_column-inner\"><div class=\"wpb_wrapper\"><div class=\"w-btn-wrapper align_center\"><a class=\"w-btn us-btn-style_2 us_custom_7a782ab4\" target=\"_blank\" href=\"https:\/\/www.rinklin-naturkost.de\/engagement\/\"><span class=\"w-btn-label\">Rinklin Engagement<\/span><\/a><\/div><\/div><\/div><\/div><div class=\"vc_col-sm-4 wpb_column vc_column_container mpc-column\" data-column-id=\"mpc_column-7269fb4e698201d\"><div class=\"vc_column-inner\"><div class=\"wpb_wrapper\"><div class=\"w-btn-wrapper align_center\"><a class=\"w-btn us-btn-style_2 us_custom_7a782ab4\" target=\"_blank\" href=\"https:\/\/www.rinklin-naturkost.de\/wir\/rinklin-team\/\"><span class=\"w-btn-label\">Unser Team<\/span><\/a><\/div><\/div><\/div><\/div><\/div><\/div><\/section><section class=\"l-section wpb_row us_custom_33fe73d0 height_medium mpc-row\"><div class=\"l-section-h i-cf\"><div class=\"g-cols vc_row via_flex valign_top type_default stacking_default\"><div class=\"vc_col-sm-12 wpb_column vc_column_container mpc-column\" data-column-id=\"mpc_column-1369fb4e698257b\"><div class=\"vc_column-inner\"><div class=\"wpb_wrapper\"><div class=\"w-image align_center\"><div class=\"w-image-h\"><img decoding=\"async\" width=\"170\" height=\"169\" src=\"https:\/\/www.rinklin-naturkost.de\/wp-content\/uploads\/2026\/04\/grosskuechen-DUMMY-170x169.png\" class=\"attachment-us_170_400 size-us_170_400\" alt=\"\" loading=\"lazy\" srcset=\"https:\/\/www.rinklin-naturkost.de\/wp-content\/uploads\/2026\/04\/grosskuechen-DUMMY-170x169.png 170w, https:\/\/www.rinklin-naturkost.de\/wp-content\/uploads\/2026\/04\/grosskuechen-DUMMY-300x298.png 300w, https:\/\/www.rinklin-naturkost.de\/wp-content\/uploads\/2026\/04\/grosskuechen-DUMMY-150x150.png 150w, https:\/\/www.rinklin-naturkost.de\/wp-content\/uploads\/2026\/04\/grosskuechen-DUMMY-350x350.png 350w, https:\/\/www.rinklin-naturkost.de\/wp-content\/uploads\/2026\/04\/grosskuechen-DUMMY-600x595.png 600w, https:\/\/www.rinklin-naturkost.de\/wp-content\/uploads\/2026\/04\/grosskuechen-DUMMY-403x400.png 403w, https:\/\/www.rinklin-naturkost.de\/wp-content\/uploads\/2026\/04\/grosskuechen-DUMMY-45x45.png 45w, https:\/\/www.rinklin-naturkost.de\/wp-content\/uploads\/2026\/04\/grosskuechen-DUMMY.png 656w\" sizes=\"auto, (max-width: 170px) 100vw, 170px\"><\/div><\/div><\/div><\/div><\/div><\/div><\/div><\/section>\n","protected":false},"excerpt":{"rendered":"Rinklin in Gro&szlig;k&uuml;chen und EinrichtungenBio, das in gro&szlig;en Mengen zuverl&auml;ssig funktioniert In Gro&szlig;k&uuml;chen und Einrichtungen m&uuml;ssen viele Mahlzeiten t&auml;glich zuverl&auml;ssig vorbereitet werden. Planbare Mengen, passende Gebinde und stabile Lieferketten sind daf&uuml;r entscheidend. Rinklin unterst&uuml;tzt Kliniken, Kantinen, Schulen und andere Einrichtungen mit strukturierten Lieferprozessen, gro&szlig;k&uuml;chentauglichen Sortimenten und pers&ouml;nlicher Betreuung. Zusammenarbeit anfragenGro&szlig;k&uuml;chen arbeiten unter besonderen Rahmenbedingungen Planbare","protected":false},"author":13,"featured_media":0,"parent":0,"menu_order":0,"comment_status":"closed","ping_status":"closed","template":"","meta":{"footnotes":""},"class_list":["post-34886","page","type-page","status-publish","hentry"],"yoast_head":"<!-- This site is optimized with the Yoast SEO plugin v24.6 - https:\/\/yoast.com\/wordpress\/plugins\/seo\/ -->\n<title>Rinklin f\u00fcr Gro\u00dfk\u00fcchen und Einrichtungen - Rinklin Naturkost<\/title>\n<meta name=\"robots\" content=\"index, follow, max-snippet:-1, max-image-preview:large, max-video-preview:-1\" \/>\n<link rel=\"canonical\" href=\"https:\/\/www.rinklin-naturkost.de\/grosskuechen-einrichtungen\/\" \/>\n<meta property=\"og:locale\" content=\"fr_FR\" \/>\n<meta property=\"og:type\" content=\"article\" \/>\n<meta property=\"og:title\" content=\"Rinklin f\u00fcr Gro\u00dfk\u00fcchen und Einrichtungen - Rinklin Naturkost\" \/>\n<meta property=\"og:url\" content=\"https:\/\/www.rinklin-naturkost.de\/grosskuechen-einrichtungen\/\" \/>\n<meta property=\"og:site_name\" content=\"Rinklin Naturkost\" \/>\n<meta property=\"article:modified_time\" content=\"2026-05-06T10:26:54+00:00\" \/>\n<meta name=\"twitter:card\" content=\"summary_large_image\" \/>\n<meta name=\"twitter:label1\" content=\"Dur\u00e9e de lecture estim\u00e9e\" \/>\n\t<meta name=\"twitter:data1\" content=\"3 minutes\" \/>\n<script type=\"application\/ld+json\" class=\"yoast-schema-graph\">{\"@context\":\"https:\/\/schema.org\",\"@graph\":[{\"@type\":\"WebPage\",\"@id\":\"https:\/\/www.rinklin-naturkost.de\/grosskuechen-einrichtungen\/\",\"url\":\"https:\/\/www.rinklin-naturkost.de\/grosskuechen-einrichtungen\/\",\"name\":\"Rinklin f\u00fcr Gro\u00dfk\u00fcchen und Einrichtungen - Rinklin Naturkost\",\"isPartOf\":{\"@id\":\"https:\/\/www.rinklin-naturkost.de\/#website\"},\"datePublished\":\"2026-04-30T08:32:06+00:00\",\"dateModified\":\"2026-05-06T10:26:54+00:00\",\"breadcrumb\":{\"@id\":\"https:\/\/www.rinklin-naturkost.de\/grosskuechen-einrichtungen\/#breadcrumb\"},\"inLanguage\":\"fr-FR\",\"potentialAction\":[{\"@type\":\"ReadAction\",\"target\":[\"https:\/\/www.rinklin-naturkost.de\/grosskuechen-einrichtungen\/\"]}]},{\"@type\":\"BreadcrumbList\",\"@id\":\"https:\/\/www.rinklin-naturkost.de\/grosskuechen-einrichtungen\/#breadcrumb\",\"itemListElement\":[{\"@type\":\"ListItem\",\"position\":1,\"name\":\"Accueil\",\"item\":\"https:\/\/www.rinklin-naturkost.de\/fr\/rinklin-naturkost\/\"},{\"@type\":\"ListItem\",\"position\":2,\"name\":\"Rinklin f\u00fcr Gro\u00dfk\u00fcchen und Einrichtungen\"}]},{\"@type\":\"WebSite\",\"@id\":\"https:\/\/www.rinklin-naturkost.de\/#website\",\"url\":\"https:\/\/www.rinklin-naturkost.de\/\",\"name\":\"Rinklin Naturkost\",\"description\":\"Der Bio-Gro\u00dfh\u00e4ndler vom Kaiserstuhl\",\"potentialAction\":[{\"@type\":\"SearchAction\",\"target\":{\"@type\":\"EntryPoint\",\"urlTemplate\":\"https:\/\/www.rinklin-naturkost.de\/?s={search_term_string}\"},\"query-input\":{\"@type\":\"PropertyValueSpecification\",\"valueRequired\":true,\"valueName\":\"search_term_string\"}}],\"inLanguage\":\"fr-FR\"}]}<\/script>\n<!-- \/ Yoast SEO plugin. -->","yoast_head_json":{"title":"Rinklin f\u00fcr Gro\u00dfk\u00fcchen und Einrichtungen - Rinklin Naturkost","robots":{"index":"index","follow":"follow","max-snippet":"max-snippet:-1","max-image-preview":"max-image-preview:large","max-video-preview":"max-video-preview:-1"},"canonical":"https:\/\/www.rinklin-naturkost.de\/grosskuechen-einrichtungen\/","og_locale":"fr_FR","og_type":"article","og_title":"Rinklin f\u00fcr Gro\u00dfk\u00fcchen und Einrichtungen - Rinklin Naturkost","og_url":"https:\/\/www.rinklin-naturkost.de\/grosskuechen-einrichtungen\/","og_site_name":"Rinklin Naturkost","article_modified_time":"2026-05-06T10:26:54+00:00","twitter_card":"summary_large_image","twitter_misc":{"Dur\u00e9e de lecture estim\u00e9e":"3 minutes"},"schema":{"@context":"https:\/\/schema.org","@graph":[{"@type":"WebPage","@id":"https:\/\/www.rinklin-naturkost.de\/grosskuechen-einrichtungen\/","url":"https:\/\/www.rinklin-naturkost.de\/grosskuechen-einrichtungen\/","name":"Rinklin f\u00fcr Gro\u00dfk\u00fcchen und Einrichtungen - Rinklin Naturkost","isPartOf":{"@id":"https:\/\/www.rinklin-naturkost.de\/#website"},"datePublished":"2026-04-30T08:32:06+00:00","dateModified":"2026-05-06T10:26:54+00:00","breadcrumb":{"@id":"https:\/\/www.rinklin-naturkost.de\/grosskuechen-einrichtungen\/#breadcrumb"},"inLanguage":"fr-FR","potentialAction":[{"@type":"ReadAction","target":["https:\/\/www.rinklin-naturkost.de\/grosskuechen-einrichtungen\/"]}]},{"@type":"BreadcrumbList","@id":"https:\/\/www.rinklin-naturkost.de\/grosskuechen-einrichtungen\/#breadcrumb","itemListElement":[{"@type":"ListItem","position":1,"name":"Accueil","item":"https:\/\/www.rinklin-naturkost.de\/fr\/rinklin-naturkost\/"},{"@type":"ListItem","position":2,"name":"Rinklin f\u00fcr Gro\u00dfk\u00fcchen und Einrichtungen"}]},{"@type":"WebSite","@id":"https:\/\/www.rinklin-naturkost.de\/#website","url":"https:\/\/www.rinklin-naturkost.de\/","name":"Rinklin Naturkost","description":"Der Bio-Gro\u00dfh\u00e4ndler vom Kaiserstuhl","potentialAction":[{"@type":"SearchAction","target":{"@type":"EntryPoint","urlTemplate":"https:\/\/www.rinklin-naturkost.de\/?s={search_term_string}"},"query-input":{"@type":"PropertyValueSpecification","valueRequired":true,"valueName":"search_term_string"}}],"inLanguage":"fr-FR"}]}},"_links":{"self":[{"href":"https:\/\/www.rinklin-naturkost.de\/fr\/wp-json\/wp\/v2\/pages\/34886","targetHints":{"allow":["GET"]}}],"collection":[{"href":"https:\/\/www.rinklin-naturkost.de\/fr\/wp-json\/wp\/v2\/pages"}],"about":[{"href":"https:\/\/www.rinklin-naturkost.de\/fr\/wp-json\/wp\/v2\/types\/page"}],"author":[{"embeddable":true,"href":"https:\/\/www.rinklin-naturkost.de\/fr\/wp-json\/wp\/v2\/users\/13"}],"replies":[{"embeddable":true,"href":"https:\/\/www.rinklin-naturkost.de\/fr\/wp-json\/wp\/v2\/comments?post=34886"}],"version-history":[{"count":5,"href":"https:\/\/www.rinklin-naturkost.de\/fr\/wp-json\/wp\/v2\/pages\/34886\/revisions"}],"predecessor-version":[{"id":34948,"href":"https:\/\/www.rinklin-naturkost.de\/fr\/wp-json\/wp\/v2\/pages\/34886\/revisions\/34948"}],"wp:attachment":[{"href":"https:\/\/www.rinklin-naturkost.de\/fr\/wp-json\/wp\/v2\/media?parent=34886"}],"curies":[{"name":"wp","href":"https:\/\/api.w.org\/{rel}","templated":true}]}}